{"id":9399,"date":"2024-04-09T00:09:41","date_gmt":"2024-04-09T05:09:41","guid":{"rendered":"https:\/\/pregnancyoutreach.org\/empleo\/"},"modified":"2026-05-11T02:43:24","modified_gmt":"2026-05-11T07:43:24","slug":"empleo","status":"publish","type":"page","link":"https:\/\/pregnancyoutreach.org\/es\/empleo\/","title":{"rendered":"Empleo"},"content":{"rendered":"<h3>\u00a1Gracias por su inter\u00e9s en APO!<\/h3>\n<p><strong>Para solicitar, env\u00ede su curr\u00edculum por correo electr\u00f3nico a la Directora Ejecutiva, Melany Wolfe: melany@pregnancyoutreach.org.<\/strong><\/p>\n\n<p>Aggieland Pregnancy busca a dos personas para el puesto de <strong><em>Especialista de Vida en el Hogar. <\/em><\/strong>Este rol apoya a las residentes de Ally\u2019s Place, nuestro programa de vivienda para madres gestantes, brindando apoyo y cuidado compasivo a madres estudiantes j\u00f3venes, embarazadas y con hijos, y a sus hijos.<\/p>\n\n<p><strong><a href=\"https:\/\/pregnancyoutreach.org\/wp-content\/uploads\/2026\/04\/A-Overnight-Home-Life-Specialist-Job-Description.pdf\" data-wpel-link=\"external\" target=\"_blank\" rel=\"nofollow external noopener noreferrer\">Jornada completa nocturna:<\/a><\/strong> Lunes a viernes, de 23:00 a 7:00  <\/p>\n\n<div class=\"wp-block-buttons is-layout-flex wp-block-buttons-is-layout-flex\">\n<div class=\"wp-block-button\"><a class=\"wp-block-button__link wp-element-button\" href=\"https:\/\/pregnancyoutreach.org\/wp-content\/uploads\/2026\/04\/A-Overnight-Home-Life-Specialist-Job-Description.pdf\" data-wpel-link=\"external\" target=\"_blank\" rel=\"nofollow external noopener noreferrer\">Descripci\u00f3n del puesto de Especialista de Vida en el Hogar (turno de noche)<\/a><\/div>\n<\/div>\n\n<p><\/p>\n\n<p><strong><a href=\"https:\/\/pregnancyoutreach.org\/wp-content\/uploads\/2026\/04\/Home-Life-Specialist.pdf\" data-wpel-link=\"external\" target=\"_blank\" rel=\"nofollow external noopener noreferrer\">Jornada parcial de tarde:<\/a><\/strong> S\u00e1bado y domingo, de 15:00 a 23:00<\/p>\n\n<div class=\"wp-block-buttons is-layout-flex wp-block-buttons-is-layout-flex\">\n<div class=\"wp-block-button\"><a class=\"wp-block-button__link wp-element-button\" href=\"https:\/\/pregnancyoutreach.org\/wp-content\/uploads\/2026\/04\/Home-Life-Specialist.pdf\" data-wpel-link=\"external\" target=\"_blank\" rel=\"nofollow external noopener noreferrer\">Descripci\u00f3n del puesto de Especialista de Vida en el Hogar (turno de tarde)<\/a><\/div>\n<\/div>\n\n<p><\/p>\n\n<p>Si siente el llamado a unirse a nuestro incre\u00edble equipo y acompa\u00f1ar a las familias de esta manera tan significativa, nos encantar\u00eda saber de usted.<\/p>\n\n<p><\/p>\n","protected":false},"excerpt":{"rendered":"<p>\u00a1Gracias por su inter\u00e9s en APO! Para solicitar, env\u00ede su curr\u00edculum por correo electr\u00f3nico a la Directora Ejecutiva, Melany Wolfe: melany@pregnancyoutreach.org. Aggieland Pregnancy busca a dos personas para el puesto<\/p>\n","protected":false},"author":3,"featured_media":0,"parent":0,"menu_order":0,"comment_status":"closed","ping_status":"closed","template":"","meta":{"_acf_changed":false,"footnotes":"","_links_to":"","_links_to_target":""},"class_list":["post-9399","page","type-page","status-publish","hentry"],"acf":[],"yoast_head":"<!-- This site is optimized with the Yoast SEO plugin v27.5 - https:\/\/yoast.com\/product\/yoast-seo-wordpress\/ -->\n<title>Empleo - Aggieland Pregnancy Outreach<\/title>\n<meta name=\"description\" content=\"Read more about Empleo in this page. Aggieland Pregnancy Outreach offers free pregnancy services in College Station, TX.\" \/>\n<meta name=\"robots\" content=\"index, follow, max-snippet:-1, max-image-preview:large, max-video-preview:-1\" \/>\n<link rel=\"canonical\" href=\"https:\/\/pregnancyoutreach.org\/es\/empleo\/\" \/>\n<meta property=\"og:locale\" content=\"es_ES\" \/>\n<meta property=\"og:type\" content=\"article\" \/>\n<meta property=\"og:title\" content=\"Empleo - Aggieland Pregnancy Outreach\" \/>\n<meta property=\"og:description\" content=\"Read more about Empleo in this page. Aggieland Pregnancy Outreach offers free pregnancy services in College Station, TX.\" \/>\n<meta property=\"og:url\" content=\"https:\/\/pregnancyoutreach.org\/es\/empleo\/\" \/>\n<meta property=\"og:site_name\" content=\"Aggieland Pregnancy Outreach\" \/>\n<meta property=\"article:modified_time\" content=\"2026-05-11T07:43:24+00:00\" \/>\n<meta name=\"twitter:card\" content=\"summary_large_image\" \/>\n<meta name=\"twitter:label1\" content=\"Est. reading time\" \/>\n\t<meta name=\"twitter:data1\" content=\"1 minuto\" \/>\n<!-- \/ Yoast SEO plugin. -->","yoast_head_json":{"title":"Empleo - Aggieland Pregnancy Outreach","description":"Read more about Empleo in this page. Aggieland Pregnancy Outreach offers free pregnancy services in College Station, TX.","robots":{"index":"index","follow":"follow","max-snippet":"max-snippet:-1","max-image-preview":"max-image-preview:large","max-video-preview":"max-video-preview:-1"},"canonical":"https:\/\/pregnancyoutreach.org\/es\/empleo\/","og_locale":"es_ES","og_type":"article","og_title":"Empleo - Aggieland Pregnancy Outreach","og_description":"Read more about Empleo in this page. Aggieland Pregnancy Outreach offers free pregnancy services in College Station, TX.","og_url":"https:\/\/pregnancyoutreach.org\/es\/empleo\/","og_site_name":"Aggieland Pregnancy Outreach","article_modified_time":"2026-05-11T07:43:24+00:00","twitter_card":"summary_large_image","twitter_misc":{"Est. reading time":"1 minuto"},"schema":{"@context":"https:\/\/schema.org","@graph":[{"@type":"WebPage","@id":"https:\/\/pregnancyoutreach.org\/es\/empleo\/","url":"https:\/\/pregnancyoutreach.org\/es\/empleo\/","name":"Empleo - Aggieland Pregnancy Outreach","isPartOf":{"@id":"https:\/\/pregnancyoutreach.org\/es\/#website"},"datePublished":"2024-04-09T05:09:41+00:00","dateModified":"2026-05-11T07:43:24+00:00","description":"Read more about Empleo in this page. Aggieland Pregnancy Outreach offers free pregnancy services in College Station, TX.","breadcrumb":{"@id":"https:\/\/pregnancyoutreach.org\/es\/empleo\/#breadcrumb"},"inLanguage":"es","potentialAction":[{"@type":"ReadAction","target":["https:\/\/pregnancyoutreach.org\/es\/empleo\/"]}]},{"@type":"BreadcrumbList","@id":"https:\/\/pregnancyoutreach.org\/es\/empleo\/#breadcrumb","itemListElement":[{"@type":"ListItem","position":1,"name":"Home","item":"https:\/\/pregnancyoutreach.org\/es\/"},{"@type":"ListItem","position":2,"name":"Empleo"}]},{"@type":"WebSite","@id":"https:\/\/pregnancyoutreach.org\/es\/#website","url":"https:\/\/pregnancyoutreach.org\/es\/","name":"Aggieland Pregnancy Outreach","description":"","potentialAction":[{"@type":"SearchAction","target":{"@type":"EntryPoint","urlTemplate":"https:\/\/pregnancyoutreach.org\/es\/?s={search_term_string}"},"query-input":{"@type":"PropertyValueSpecification","valueRequired":true,"valueName":"search_term_string"}}],"inLanguage":"es"}]}},"_links":{"self":[{"href":"https:\/\/pregnancyoutreach.org\/es\/wp-json\/wp\/v2\/pages\/9399","targetHints":{"allow":["GET"]}}],"collection":[{"href":"https:\/\/pregnancyoutreach.org\/es\/wp-json\/wp\/v2\/pages"}],"about":[{"href":"https:\/\/pregnancyoutreach.org\/es\/wp-json\/wp\/v2\/types\/page"}],"author":[{"embeddable":true,"href":"https:\/\/pregnancyoutreach.org\/es\/wp-json\/wp\/v2\/users\/3"}],"replies":[{"embeddable":true,"href":"https:\/\/pregnancyoutreach.org\/es\/wp-json\/wp\/v2\/comments?post=9399"}],"version-history":[{"count":1,"href":"https:\/\/pregnancyoutreach.org\/es\/wp-json\/wp\/v2\/pages\/9399\/revisions"}],"predecessor-version":[{"id":9416,"href":"https:\/\/pregnancyoutreach.org\/es\/wp-json\/wp\/v2\/pages\/9399\/revisions\/9416"}],"wp:attachment":[{"href":"https:\/\/pregnancyoutreach.org\/es\/wp-json\/wp\/v2\/media?parent=9399"}],"curies":[{"name":"wp","href":"https:\/\/api.w.org\/{rel}","templated":true}]}}