{"id":9364,"date":"2024-04-08T22:44:45","date_gmt":"2024-04-09T03:44:45","guid":{"rendered":"https:\/\/pregnancyoutreach.org\/politica-de-privacidad\/"},"modified":"2026-05-11T02:43:24","modified_gmt":"2026-05-11T07:43:24","slug":"politica-de-privacidad","status":"publish","type":"page","link":"https:\/\/pregnancyoutreach.org\/es\/politica-de-privacidad\/","title":{"rendered":"Pol\u00edtica de privacidad"},"content":{"rendered":"\n<h2 class=\"wp-block-heading\">AVISO DE PR\u00c1CTICAS DE PRIVACIDAD (a partir del 4\/12\/24)<\/h2>\n\n<p>ESTE AVISO DESCRIBE C\u00d3MO PUEDE UTILIZARSE Y DIVULGARSE LA INFORMACI\u00d3N M\u00c9DICA SOBRE USTED Y C\u00d3MO PUEDE ACCEDER A ESTA INFORMACI\u00d3N. POR FAVOR, REV\u00cdSELO DETENIDAMENTE. <\/p>\n\n<p>Aggieland Pregnancy Outreach es una organizaci\u00f3n cristiana sin \u00e1nimo de lucro que proporciona servicios de apoyo al embarazo. APO no participa en ninguna transacci\u00f3n cubierta por la<br\/>Ley Federal de Portabilidad y Responsabilidad del Seguro M\u00e9dico (HIPAA). APO cumple con todas las leyes aplicables de privacidad m\u00e9dica y licencias del Estado de Texas. Las pr\u00e1cticas de privacidad descritas en este aviso se llevan a cabo de forma voluntaria y no tienen la intenci\u00f3n de crear ning\u00fan derecho contractual o legal en nombre de los clientes. Nos reservamos el derecho de modificar nuestras pr\u00e1cticas de privacidad y este aviso en cualquier momento. La copia m\u00e1s reciente del aviso est\u00e1 disponible bajo petici\u00f3n o puede descargarse de nuestro sitio web <a href=\"https:\/\/pregnancyoutreach.org\/es\/\" data-wpel-link=\"internal\" target=\"_self\" rel=\"follow noopener noreferrer\">www.pregnancyoutreach.org<\/a>.     <\/p>\n\n<h2 class=\"wp-block-heading\">1. Protecci\u00f3n de su informaci\u00f3n m\u00e9dica protegida<\/h2>\n\n<p>La informaci\u00f3n identificable individualmente sobre su estado de salud pasado, presente o futuro, la prestaci\u00f3n de atenci\u00f3n m\u00e9dica a usted o el pago de servicios de atenci\u00f3n m\u00e9dica se considera informaci\u00f3n m\u00e9dica protegida (PHI). Extenderemos ciertas protecciones a su PHI y a cualquier otra informaci\u00f3n de identificaci\u00f3n personal que nos proporcione, incluido su n\u00famero de la Seguridad Social, fecha de nacimiento, direcci\u00f3n particular o direcci\u00f3n de correo electr\u00f3nico, n\u00famero de tel\u00e9fono, relaci\u00f3n con esta organizaci\u00f3n, motivos de consulta o servicios recibidos. Este aviso explica c\u00f3mo, cu\u00e1ndo y por qu\u00e9 podemos utilizar o divulgar su PHI. Excepto en circunstancias especificadas, solo utilizaremos o divulgaremos la PHI m\u00ednima necesaria para lograr el prop\u00f3sito previsto del uso o divulgaci\u00f3n.   <\/p>\n\n<h2 class=\"wp-block-heading\">2. C\u00f3mo podemos utilizar y divulgar su informaci\u00f3n m\u00e9dica protegida<\/h2>\n\n<p>Utilizamos y divulgamos la PHI por diversas razones. Podemos utilizar o divulgar su PHI internamente para gestionar su caso. Para usos m\u00e1s all\u00e1 de eso, normalmente obtendremos su autorizaci\u00f3n por escrito. Lo siguiente ofrece m\u00e1s detalles y algunos ejemplos de los posibles usos y divulgaciones de su PHI:   <\/p>\n\n<ul class=\"wp-block-list\">\n<li><strong>Usos y divulgaciones relacionados con la atenci\u00f3n m\u00e9dica y las operaciones<\/strong>. Restringimos el acceso a su PHI al personal sanitario que participa en proporcionarle atenci\u00f3n, a otro personal que participa en proporcionarle atenci\u00f3n y servicios. Mantenemos salvaguardas f\u00edsicas, electr\u00f3nicas y de procedimiento para restringir el acceso a su PHI. Adem\u00e1s, podemos utilizar y\/o divulgar su PHI seg\u00fan sea razonablemente necesario en el curso de la operaci\u00f3n de esta instalaci\u00f3n, incluyendo para evaluar la calidad y mejorar los servicios. Tambi\u00e9n podemos enviar o comunicar recordatorios de citas, sujeto a nuestras pol\u00edticas normales de confidencialidad y cualquier instrucci\u00f3n especial que usted haya dado.    <\/li>\n\n\n\n<li><strong>Usos y divulgaciones para los cuales se solicitar\u00e1 autorizaci\u00f3n especial<\/strong>. Para usos m\u00e1s all\u00e1 de los prop\u00f3sitos operativos, normalmente buscaremos obtener su<br\/>autorizaci\u00f3n antes de divulgar su PHI. Sin embargo, las divulgaciones de su PHI pueden realizarse sin su consentimiento o autorizaci\u00f3n cuando lo exija la ley, cuando sea necesario para evitar una amenaza de da\u00f1o para usted o un tercero, o cuando otras circunstancias puedan requerir o justificar razonablemente dicha divulgaci\u00f3n.  <\/li>\n<\/ul>\n\n<h2 class=\"wp-block-heading\">3. C\u00f3mo puede tener acceso a su informaci\u00f3n m\u00e9dica protegida<\/h2>\n\n<p>La siguiente es una descripci\u00f3n de los pasos que puede seguir para acceder o controlar de otro modo la disposici\u00f3n de su PHI:<\/p>\n\n<ul class=\"wp-block-list\">\n<li><strong>Para solicitar restricciones sobre usos\/divulgaciones<\/strong>: Puede pedir que limitemos c\u00f3mo utilizamos o divulgamos su PHI. Consideraremos su solicitud, pero no estamos legalmente obligados a aceptar la restricci\u00f3n. En la medida en que aceptemos tales restricciones, las cumpliremos excepto en situaciones de emergencia. No podemos aceptar limitar usos\/divulgaciones que sean requeridos por ley. De acuerdo con el derecho de objeci\u00f3n de conciencia constitucionalmente protegido de APO, no enviamos PHI directamente a proveedores de abortos, incluso bajo petici\u00f3n.    <\/li>\n\n\n\n<li> <strong>Para elegir c\u00f3mo nos ponemos en contacto con usted<\/strong>: Puede pedir que le enviemos informaci\u00f3n a una direcci\u00f3n alternativa o por medios alternativos. Aceptaremos su solicitud siempre que sea razonablemente f\u00e1cil para nosotros hacerlo. <\/li>\n\n\n\n<li><strong>Para inspeccionar y copiar su PHI<\/strong>: Se le permitir\u00e1 inspeccionar su PHI y\/u obtener una copia mediante solicitud por escrito. Responderemos a su solicitud en quince (15) d\u00edas. Puede cobrarse una tarifa razonable por las copias.  <\/li>\n\n\n\n<li><strong>Para solicitar la modificaci\u00f3n de su PHI<\/strong>: Si cree que hay un error o falta informaci\u00f3n en nuestro registro de su PHI, puede solicitar por escrito que corrijamos o a\u00f1adamos al registro. Responderemos en un plazo de 60 d\u00edas tras recibir su solicitud. Una denegaci\u00f3n indicar\u00e1 los motivos de la denegaci\u00f3n. Si aprobamos la solicitud de modificaci\u00f3n, cambiaremos la PHI y se lo comunicaremos.   <\/li>\n\n\n\n<li><strong>Para averiguar qu\u00e9 divulgaciones se han realizado<\/strong>: Puede solicitar que le proporcionemos una lista de todas las divulgaciones de su PHI que hayamos realizado (excepto aquellas divulgaciones que se hayan realizado en relaci\u00f3n con los servicios que ha recibido, su tratamiento y nuestras operaciones de atenci\u00f3n m\u00e9dica, o seg\u00fan lo requiera espec\u00edficamente la ley). Responderemos a su solicitud en un plazo de quince (15) d\u00edas tras recibirla. <\/li>\n\n\n\n<li><strong>Para recibir este aviso<\/strong>: Puede recibir una copia en papel o electr\u00f3nica de este aviso bajo petici\u00f3n.<\/li>\n<\/ul>\n\n<h2 class=\"wp-block-heading\">4. Si la seguridad de su PHI se ve comprometida:<\/h2>\n\n<p>Si la PHI se adquiere, utiliza o divulga de una manera que no est\u00e1 permitida bajo este aviso o que compromete la seguridad o privacidad de esa PHI (lo que se denomina una violaci\u00f3n), proporcionaremos el aviso apropiado de dicha violaci\u00f3n sin demora injustificada despu\u00e9s del descubrimiento del compromiso. Podemos delegar esta responsabilidad a un subcontratista. Sin embargo, usted ser\u00e1 responsable de tomar cualquier medida adicional que considere necesaria para proteger su identidad y seguridad.  <\/p>\n\n<h2 class=\"wp-block-heading\">5. \u00bfCon qui\u00e9n contactar en APO para obtener m\u00e1s informaci\u00f3n?<\/h2>\n\n<p>Para solicitar cualquier informaci\u00f3n o presentar cualquier solicitud relacionada con su PHI, o para expresar inquietudes sobre nuestras pr\u00e1cticas de privacidad si cree que su privacidad se ha visto comprometida, p\u00f3ngase en contacto con: Melany Wolfe, directora ejecutiva, o Holly McBerty, directora de oficina, Aggieland Pregnancy Outreach, 410 Harvey Road, Suite 300, College Station, Tx 77840.<\/p>\n","protected":false},"excerpt":{"rendered":"<p>AVISO DE PR\u00c1CTICAS DE PRIVACIDAD (a partir del 4\/12\/24) ESTE AVISO DESCRIBE C\u00d3MO PUEDE UTILIZARSE Y DIVULGARSE LA INFORMACI\u00d3N M\u00c9DICA SOBRE USTED Y C\u00d3MO PUEDE ACCEDER A ESTA INFORMACI\u00d3N. POR<\/p>\n","protected":false},"author":3,"featured_media":0,"parent":0,"menu_order":0,"comment_status":"closed","ping_status":"closed","template":"","meta":{"_acf_changed":false,"footnotes":"","_links_to":"","_links_to_target":""},"class_list":["post-9364","page","type-page","status-publish","hentry"],"acf":[],"yoast_head":"<!-- This site is optimized with the Yoast SEO plugin v27.5 - https:\/\/yoast.com\/product\/yoast-seo-wordpress\/ -->\n<title>Pol\u00edtica de privacidad - Aggieland Pregnancy Outreach<\/title>\n<meta name=\"description\" content=\"Read more about Pol\u00edtica de privacidad in this page. Aggieland Pregnancy Outreach offers free pregnancy services in College Station, TX.\" \/>\n<meta name=\"robots\" content=\"index, follow, max-snippet:-1, max-image-preview:large, max-video-preview:-1\" \/>\n<link rel=\"canonical\" href=\"https:\/\/pregnancyoutreach.org\/es\/politica-de-privacidad\/\" \/>\n<meta property=\"og:locale\" content=\"es_ES\" \/>\n<meta property=\"og:type\" content=\"article\" \/>\n<meta property=\"og:title\" content=\"Pol\u00edtica de privacidad - Aggieland Pregnancy Outreach\" \/>\n<meta property=\"og:description\" content=\"Read more about Pol\u00edtica de privacidad in this page. Aggieland Pregnancy Outreach offers free pregnancy services in College Station, TX.\" \/>\n<meta property=\"og:url\" content=\"https:\/\/pregnancyoutreach.org\/es\/politica-de-privacidad\/\" \/>\n<meta property=\"og:site_name\" content=\"Aggieland Pregnancy Outreach\" \/>\n<meta property=\"article:modified_time\" content=\"2026-05-11T07:43:24+00:00\" \/>\n<meta name=\"twitter:card\" content=\"summary_large_image\" \/>\n<meta name=\"twitter:label1\" content=\"Est. reading time\" \/>\n\t<meta name=\"twitter:data1\" content=\"5 minutos\" \/>\n<!-- \/ Yoast SEO plugin. -->","yoast_head_json":{"title":"Pol\u00edtica de privacidad - Aggieland Pregnancy Outreach","description":"Read more about Pol\u00edtica de privacidad in this page. Aggieland Pregnancy Outreach offers free pregnancy services in College Station, TX.","robots":{"index":"index","follow":"follow","max-snippet":"max-snippet:-1","max-image-preview":"max-image-preview:large","max-video-preview":"max-video-preview:-1"},"canonical":"https:\/\/pregnancyoutreach.org\/es\/politica-de-privacidad\/","og_locale":"es_ES","og_type":"article","og_title":"Pol\u00edtica de privacidad - Aggieland Pregnancy Outreach","og_description":"Read more about Pol\u00edtica de privacidad in this page. Aggieland Pregnancy Outreach offers free pregnancy services in College Station, TX.","og_url":"https:\/\/pregnancyoutreach.org\/es\/politica-de-privacidad\/","og_site_name":"Aggieland Pregnancy Outreach","article_modified_time":"2026-05-11T07:43:24+00:00","twitter_card":"summary_large_image","twitter_misc":{"Est. reading time":"5 minutos"},"schema":{"@context":"https:\/\/schema.org","@graph":[{"@type":"WebPage","@id":"https:\/\/pregnancyoutreach.org\/es\/politica-de-privacidad\/","url":"https:\/\/pregnancyoutreach.org\/es\/politica-de-privacidad\/","name":"Pol\u00edtica de privacidad - Aggieland Pregnancy Outreach","isPartOf":{"@id":"https:\/\/pregnancyoutreach.org\/es\/#website"},"datePublished":"2024-04-09T03:44:45+00:00","dateModified":"2026-05-11T07:43:24+00:00","description":"Read more about Pol\u00edtica de privacidad in this page. Aggieland Pregnancy Outreach offers free pregnancy services in College Station, TX.","breadcrumb":{"@id":"https:\/\/pregnancyoutreach.org\/es\/politica-de-privacidad\/#breadcrumb"},"inLanguage":"es","potentialAction":[{"@type":"ReadAction","target":["https:\/\/pregnancyoutreach.org\/es\/politica-de-privacidad\/"]}]},{"@type":"BreadcrumbList","@id":"https:\/\/pregnancyoutreach.org\/es\/politica-de-privacidad\/#breadcrumb","itemListElement":[{"@type":"ListItem","position":1,"name":"Home","item":"https:\/\/pregnancyoutreach.org\/es\/"},{"@type":"ListItem","position":2,"name":"Pol\u00edtica de privacidad"}]},{"@type":"WebSite","@id":"https:\/\/pregnancyoutreach.org\/es\/#website","url":"https:\/\/pregnancyoutreach.org\/es\/","name":"Aggieland Pregnancy Outreach","description":"","potentialAction":[{"@type":"SearchAction","target":{"@type":"EntryPoint","urlTemplate":"https:\/\/pregnancyoutreach.org\/es\/?s={search_term_string}"},"query-input":{"@type":"PropertyValueSpecification","valueRequired":true,"valueName":"search_term_string"}}],"inLanguage":"es"}]}},"_links":{"self":[{"href":"https:\/\/pregnancyoutreach.org\/es\/wp-json\/wp\/v2\/pages\/9364","targetHints":{"allow":["GET"]}}],"collection":[{"href":"https:\/\/pregnancyoutreach.org\/es\/wp-json\/wp\/v2\/pages"}],"about":[{"href":"https:\/\/pregnancyoutreach.org\/es\/wp-json\/wp\/v2\/types\/page"}],"author":[{"embeddable":true,"href":"https:\/\/pregnancyoutreach.org\/es\/wp-json\/wp\/v2\/users\/3"}],"replies":[{"embeddable":true,"href":"https:\/\/pregnancyoutreach.org\/es\/wp-json\/wp\/v2\/comments?post=9364"}],"version-history":[{"count":1,"href":"https:\/\/pregnancyoutreach.org\/es\/wp-json\/wp\/v2\/pages\/9364\/revisions"}],"predecessor-version":[{"id":9365,"href":"https:\/\/pregnancyoutreach.org\/es\/wp-json\/wp\/v2\/pages\/9364\/revisions\/9365"}],"wp:attachment":[{"href":"https:\/\/pregnancyoutreach.org\/es\/wp-json\/wp\/v2\/media?parent=9364"}],"curies":[{"name":"wp","href":"https:\/\/api.w.org\/{rel}","templated":true}]}}