{"id":9352,"date":"2024-08-06T02:45:38","date_gmt":"2024-08-06T07:45:38","guid":{"rendered":"https:\/\/pregnancyoutreach.org\/servicios\/hogar-materno-allys-place\/"},"modified":"2026-05-11T02:43:25","modified_gmt":"2026-05-11T07:43:25","slug":"hogar-materno-allys-place","status":"publish","type":"page","link":"https:\/\/pregnancyoutreach.org\/es\/servicios\/hogar-materno-allys-place\/","title":{"rendered":"Hogar Materno Ally&#8217;s Place"},"content":{"rendered":"\n<figure class=\"wp-block-image size-large is-resized\"><img decoding=\"async\" width=\"1024\" height=\"768\" src=\"https:\/\/pregnancyoutreach.org\/wp-content\/uploads\/2026\/02\/IMG_9498-1024x768.jpg\" alt=\"\" class=\"wp-image-8663\" style=\"width:519px;height:auto\" srcset=\"https:\/\/pregnancyoutreach.org\/wp-content\/uploads\/2026\/02\/IMG_9498-1024x768.jpg 1024w, https:\/\/pregnancyoutreach.org\/wp-content\/uploads\/2026\/02\/IMG_9498-300x225.jpg 300w, https:\/\/pregnancyoutreach.org\/wp-content\/uploads\/2026\/02\/IMG_9498-768x576.jpg 768w, https:\/\/pregnancyoutreach.org\/wp-content\/uploads\/2026\/02\/IMG_9498-1536x1152.jpg 1536w, https:\/\/pregnancyoutreach.org\/wp-content\/uploads\/2026\/02\/IMG_9498-2048x1536.jpg 2048w, https:\/\/pregnancyoutreach.org\/wp-content\/uploads\/2026\/02\/IMG_9498-120x90.jpg 120w\" sizes=\"(max-width: 1024px) 100vw, 1024px\" \/><\/figure>\n\n<h2 class=\"wp-block-heading\">Nuestro objetivo es proporcionar estabilidad mientras apoyamos a las madres en su transici\u00f3n hacia una vivienda a largo plazo, la autosuficiencia y la continuaci\u00f3n de la educaci\u00f3n superior.<\/h2>\n\n<p>Ally&#8217;s Place es un programa de vivienda materna para mujeres de 18 a\u00f1os o m\u00e1s que est\u00e1n embarazadas y son estudiantes a tiempo completo matriculadas en una universidad o en un programa de escuela de oficios. Las mujeres que ingresen a este programa trabajar\u00e1n en estrecha colaboraci\u00f3n con su asistente social y consejero para desarrollar un plan integral que aborde sus necesidades actuales, se conecten con recursos y trabajen hacia una independencia autosostenible para ellas y su familia. Las residentes pueden quedarse por un m\u00e1ximo de tres a\u00f1os, o hasta que su hijo cumpla tres a\u00f1os, o terminen su programa de educaci\u00f3n superior, lo que ocurra primero. Todos los servicios de APO y Ally&#8217;s Place son completamente gratuitos.   <\/p>\n\n<p><\/p>\n\n<p><\/p>\n","protected":false},"excerpt":{"rendered":"<p>Nuestro objetivo es proporcionar estabilidad mientras apoyamos a las madres en su transici\u00f3n hacia una vivienda a largo plazo, la autosuficiencia y la continuaci\u00f3n de la educaci\u00f3n superior. Ally&#8217;s Place<\/p>\n","protected":false},"author":3,"featured_media":9354,"parent":9334,"menu_order":5,"comment_status":"closed","ping_status":"closed","template":"","meta":{"_acf_changed":false,"footnotes":"","_links_to":"","_links_to_target":""},"class_list":["post-9352","page","type-page","status-publish","has-post-thumbnail","hentry"],"acf":[],"yoast_head":"<!-- This site is optimized with the Yoast SEO plugin v27.5 - https:\/\/yoast.com\/product\/yoast-seo-wordpress\/ -->\n<title>Hogar Materno Ally&#039;s Place - Aggieland Pregnancy Outreach<\/title>\n<meta name=\"description\" content=\"Read more about Hogar Materno Ally&#039;s Place in this page. Aggieland Pregnancy Outreach offers free pregnancy services in College Station, TX.\" \/>\n<meta name=\"robots\" content=\"index, follow, max-snippet:-1, max-image-preview:large, max-video-preview:-1\" \/>\n<link rel=\"canonical\" href=\"https:\/\/pregnancyoutreach.org\/es\/servicios\/hogar-materno-allys-place\/\" \/>\n<meta property=\"og:locale\" content=\"es_ES\" \/>\n<meta property=\"og:type\" content=\"article\" \/>\n<meta property=\"og:title\" content=\"Hogar Materno Ally&#039;s Place - Aggieland Pregnancy Outreach\" \/>\n<meta property=\"og:description\" content=\"Read more about Hogar Materno Ally&#039;s Place in this page. Aggieland Pregnancy Outreach offers free pregnancy services in College Station, TX.\" \/>\n<meta property=\"og:url\" content=\"https:\/\/pregnancyoutreach.org\/es\/servicios\/hogar-materno-allys-place\/\" \/>\n<meta property=\"og:site_name\" content=\"Aggieland Pregnancy Outreach\" \/>\n<meta property=\"article:modified_time\" content=\"2026-05-11T07:43:25+00:00\" \/>\n<meta property=\"og:image\" content=\"https:\/\/pregnancyoutreach.org\/wp-content\/uploads\/2024\/08\/shutterstock_2165328895.jpg\" \/>\n\t<meta property=\"og:image:width\" content=\"1920\" \/>\n\t<meta property=\"og:image:height\" content=\"824\" \/>\n\t<meta property=\"og:image:type\" content=\"image\/jpeg\" \/>\n<meta name=\"twitter:card\" content=\"summary_large_image\" \/>\n<meta name=\"twitter:label1\" content=\"Est. reading time\" \/>\n\t<meta name=\"twitter:data1\" content=\"1 minuto\" \/>\n<!-- \/ Yoast SEO plugin. -->","yoast_head_json":{"title":"Hogar Materno Ally's Place - Aggieland Pregnancy Outreach","description":"Read more about Hogar Materno Ally's Place in this page. Aggieland Pregnancy Outreach offers free pregnancy services in College Station, TX.","robots":{"index":"index","follow":"follow","max-snippet":"max-snippet:-1","max-image-preview":"max-image-preview:large","max-video-preview":"max-video-preview:-1"},"canonical":"https:\/\/pregnancyoutreach.org\/es\/servicios\/hogar-materno-allys-place\/","og_locale":"es_ES","og_type":"article","og_title":"Hogar Materno Ally's Place - Aggieland Pregnancy Outreach","og_description":"Read more about Hogar Materno Ally's Place in this page. Aggieland Pregnancy Outreach offers free pregnancy services in College Station, TX.","og_url":"https:\/\/pregnancyoutreach.org\/es\/servicios\/hogar-materno-allys-place\/","og_site_name":"Aggieland Pregnancy Outreach","article_modified_time":"2026-05-11T07:43:25+00:00","og_image":[{"width":1920,"height":824,"url":"https:\/\/pregnancyoutreach.org\/wp-content\/uploads\/2024\/08\/shutterstock_2165328895.jpg","type":"image\/jpeg"}],"twitter_card":"summary_large_image","twitter_misc":{"Est. reading time":"1 minuto"},"schema":{"@context":"https:\/\/schema.org","@graph":[{"@type":"WebPage","@id":"https:\/\/pregnancyoutreach.org\/es\/servicios\/hogar-materno-allys-place\/","url":"https:\/\/pregnancyoutreach.org\/es\/servicios\/hogar-materno-allys-place\/","name":"Hogar Materno Ally's Place - Aggieland Pregnancy Outreach","isPartOf":{"@id":"https:\/\/pregnancyoutreach.org\/es\/#website"},"primaryImageOfPage":{"@id":"https:\/\/pregnancyoutreach.org\/es\/servicios\/hogar-materno-allys-place\/#primaryimage"},"image":{"@id":"https:\/\/pregnancyoutreach.org\/es\/servicios\/hogar-materno-allys-place\/#primaryimage"},"thumbnailUrl":"https:\/\/pregnancyoutreach.org\/wp-content\/uploads\/2024\/08\/shutterstock_2165328895.jpg","datePublished":"2024-08-06T07:45:38+00:00","dateModified":"2026-05-11T07:43:25+00:00","description":"Read more about Hogar Materno Ally's Place in this page. Aggieland Pregnancy Outreach offers free pregnancy services in College Station, TX.","breadcrumb":{"@id":"https:\/\/pregnancyoutreach.org\/es\/servicios\/hogar-materno-allys-place\/#breadcrumb"},"inLanguage":"es","potentialAction":[{"@type":"ReadAction","target":["https:\/\/pregnancyoutreach.org\/es\/servicios\/hogar-materno-allys-place\/"]}]},{"@type":"ImageObject","inLanguage":"es","@id":"https:\/\/pregnancyoutreach.org\/es\/servicios\/hogar-materno-allys-place\/#primaryimage","url":"https:\/\/pregnancyoutreach.org\/wp-content\/uploads\/2024\/08\/shutterstock_2165328895.jpg","contentUrl":"https:\/\/pregnancyoutreach.org\/wp-content\/uploads\/2024\/08\/shutterstock_2165328895.jpg","width":1920,"height":824},{"@type":"BreadcrumbList","@id":"https:\/\/pregnancyoutreach.org\/es\/servicios\/hogar-materno-allys-place\/#breadcrumb","itemListElement":[{"@type":"ListItem","position":1,"name":"Home","item":"https:\/\/pregnancyoutreach.org\/es\/"},{"@type":"ListItem","position":2,"name":"Servicios","item":"https:\/\/pregnancyoutreach.org\/es\/servicios\/"},{"@type":"ListItem","position":3,"name":"Hogar Materno Ally&#8217;s Place"}]},{"@type":"WebSite","@id":"https:\/\/pregnancyoutreach.org\/es\/#website","url":"https:\/\/pregnancyoutreach.org\/es\/","name":"Aggieland Pregnancy Outreach","description":"","potentialAction":[{"@type":"SearchAction","target":{"@type":"EntryPoint","urlTemplate":"https:\/\/pregnancyoutreach.org\/es\/?s={search_term_string}"},"query-input":{"@type":"PropertyValueSpecification","valueRequired":true,"valueName":"search_term_string"}}],"inLanguage":"es"}]}},"_links":{"self":[{"href":"https:\/\/pregnancyoutreach.org\/es\/wp-json\/wp\/v2\/pages\/9352","targetHints":{"allow":["GET"]}}],"collection":[{"href":"https:\/\/pregnancyoutreach.org\/es\/wp-json\/wp\/v2\/pages"}],"about":[{"href":"https:\/\/pregnancyoutreach.org\/es\/wp-json\/wp\/v2\/types\/page"}],"author":[{"embeddable":true,"href":"https:\/\/pregnancyoutreach.org\/es\/wp-json\/wp\/v2\/users\/3"}],"replies":[{"embeddable":true,"href":"https:\/\/pregnancyoutreach.org\/es\/wp-json\/wp\/v2\/comments?post=9352"}],"version-history":[{"count":1,"href":"https:\/\/pregnancyoutreach.org\/es\/wp-json\/wp\/v2\/pages\/9352\/revisions"}],"predecessor-version":[{"id":9355,"href":"https:\/\/pregnancyoutreach.org\/es\/wp-json\/wp\/v2\/pages\/9352\/revisions\/9355"}],"up":[{"embeddable":true,"href":"https:\/\/pregnancyoutreach.org\/es\/wp-json\/wp\/v2\/pages\/9334"}],"wp:featuredmedia":[{"embeddable":true,"href":"https:\/\/pregnancyoutreach.org\/es\/wp-json\/wp\/v2\/media\/9354"}],"wp:attachment":[{"href":"https:\/\/pregnancyoutreach.org\/es\/wp-json\/wp\/v2\/media?parent=9352"}],"curies":[{"name":"wp","href":"https:\/\/api.w.org\/{rel}","templated":true}]}}