{"id":9331,"date":"2025-07-03T00:39:06","date_gmt":"2025-07-03T05:39:06","guid":{"rendered":"https:\/\/pregnancyoutreach.org\/horario-de-clases\/"},"modified":"2026-05-11T02:43:25","modified_gmt":"2026-05-11T07:43:25","slug":"horario-de-clases","status":"publish","type":"page","link":"https:\/\/pregnancyoutreach.org\/es\/servicios\/horario-de-clases\/","title":{"rendered":"Horario de Clases"},"content":{"rendered":"\n<p>Nuestras clases de Primeros Pasos se ofrecen semanalmente a cualquier persona de la comunidad que busque apoyo en la preparaci\u00f3n para el beb\u00e9 y durante la crianza. Las clases son gratuitas y se ofrecen por Zoom y en persona. Se proporciona almuerzo o aperitivos (seg\u00fan la hora de la clase) y guarder\u00eda gratuita para las clases presenciales, y los participantes pueden invitar a su pareja de apoyo a unirse a ellos. Cada participante\/pareja tendr\u00e1 la oportunidad de ganar tiempo de compra en The Cottage, as\u00ed como de recibir un paquete de toallitas, pa\u00f1ales y otros art\u00edculos al finalizar la clase.   <\/p>\n\n<p>Los temas var\u00edan y la guarder\u00eda es limitada; consulte el calendario y confirme su asistencia para reservar su plaza.<\/p>\n\n<p><\/p>\n","protected":false},"excerpt":{"rendered":"<p>Nuestras clases de Primeros Pasos se ofrecen semanalmente a cualquier persona de la comunidad que est\u00e9 embarazada y durante la crianza. Las clases son gratuitas y se imparten de lunes a jueves. Se proporcionan aperitivos y guarder\u00eda gratuita para las clases presenciales, y los participantes pueden invitar a su pareja de apoyo a unirse a ellos. Cada participante\/pareja tendr\u00e1 la oportunidad de ganar tiempo de compra en nuestra Tienda para Mam\u00e1s, as\u00ed como de recibir un paquete de toallitas y pa\u00f1ales al finalizar la clase.   <\/p>\n<p>Los temas var\u00edan; consulte el calendario y reg\u00edstrese si necesita guarder\u00eda.<\/p>\n","protected":false},"author":3,"featured_media":9332,"parent":9334,"menu_order":7,"comment_status":"closed","ping_status":"closed","template":"","meta":{"_acf_changed":false,"footnotes":"","_links_to":"","_links_to_target":""},"class_list":["post-9331","page","type-page","status-publish","has-post-thumbnail","hentry"],"acf":[],"yoast_head":"<!-- This site is optimized with the Yoast SEO plugin v27.5 - https:\/\/yoast.com\/product\/yoast-seo-wordpress\/ -->\n<title>Horario de Clases - Aggieland Pregnancy Outreach<\/title>\n<meta name=\"description\" content=\"Read more about Horario de Clases in this page. Aggieland Pregnancy Outreach offers free pregnancy services in College Station, TX.\" \/>\n<meta name=\"robots\" content=\"index, follow, max-snippet:-1, max-image-preview:large, max-video-preview:-1\" \/>\n<link rel=\"canonical\" href=\"https:\/\/pregnancyoutreach.org\/es\/servicios\/horario-de-clases\/\" \/>\n<meta property=\"og:locale\" content=\"es_ES\" \/>\n<meta property=\"og:type\" content=\"article\" \/>\n<meta property=\"og:title\" content=\"Horario de Clases - Aggieland Pregnancy Outreach\" \/>\n<meta property=\"og:description\" content=\"Read more about Horario de Clases in this page. Aggieland Pregnancy Outreach offers free pregnancy services in College Station, TX.\" \/>\n<meta property=\"og:url\" content=\"https:\/\/pregnancyoutreach.org\/es\/servicios\/horario-de-clases\/\" \/>\n<meta property=\"og:site_name\" content=\"Aggieland Pregnancy Outreach\" \/>\n<meta property=\"article:modified_time\" content=\"2026-05-11T07:43:25+00:00\" \/>\n<meta property=\"og:image\" content=\"https:\/\/pregnancyoutreach.org\/wp-content\/uploads\/2024\/03\/shutterstock_443923171.jpg\" \/>\n\t<meta property=\"og:image:width\" content=\"1920\" \/>\n\t<meta property=\"og:image:height\" content=\"746\" \/>\n\t<meta property=\"og:image:type\" content=\"image\/jpeg\" \/>\n<meta name=\"twitter:card\" content=\"summary_large_image\" \/>\n<meta name=\"twitter:label1\" content=\"Est. reading time\" \/>\n\t<meta name=\"twitter:data1\" content=\"1 minuto\" \/>\n<!-- \/ Yoast SEO plugin. -->","yoast_head_json":{"title":"Horario de Clases - Aggieland Pregnancy Outreach","description":"Read more about Horario de Clases in this page. Aggieland Pregnancy Outreach offers free pregnancy services in College Station, TX.","robots":{"index":"index","follow":"follow","max-snippet":"max-snippet:-1","max-image-preview":"max-image-preview:large","max-video-preview":"max-video-preview:-1"},"canonical":"https:\/\/pregnancyoutreach.org\/es\/servicios\/horario-de-clases\/","og_locale":"es_ES","og_type":"article","og_title":"Horario de Clases - Aggieland Pregnancy Outreach","og_description":"Read more about Horario de Clases in this page. Aggieland Pregnancy Outreach offers free pregnancy services in College Station, TX.","og_url":"https:\/\/pregnancyoutreach.org\/es\/servicios\/horario-de-clases\/","og_site_name":"Aggieland Pregnancy Outreach","article_modified_time":"2026-05-11T07:43:25+00:00","og_image":[{"width":1920,"height":746,"url":"https:\/\/pregnancyoutreach.org\/wp-content\/uploads\/2024\/03\/shutterstock_443923171.jpg","type":"image\/jpeg"}],"twitter_card":"summary_large_image","twitter_misc":{"Est. reading time":"1 minuto"},"schema":{"@context":"https:\/\/schema.org","@graph":[{"@type":"WebPage","@id":"https:\/\/pregnancyoutreach.org\/es\/servicios\/horario-de-clases\/","url":"https:\/\/pregnancyoutreach.org\/es\/servicios\/horario-de-clases\/","name":"Horario de Clases - Aggieland Pregnancy Outreach","isPartOf":{"@id":"https:\/\/pregnancyoutreach.org\/es\/#website"},"primaryImageOfPage":{"@id":"https:\/\/pregnancyoutreach.org\/es\/servicios\/horario-de-clases\/#primaryimage"},"image":{"@id":"https:\/\/pregnancyoutreach.org\/es\/servicios\/horario-de-clases\/#primaryimage"},"thumbnailUrl":"https:\/\/pregnancyoutreach.org\/wp-content\/uploads\/2024\/03\/shutterstock_443923171.jpg","datePublished":"2025-07-03T05:39:06+00:00","dateModified":"2026-05-11T07:43:25+00:00","description":"Read more about Horario de Clases in this page. Aggieland Pregnancy Outreach offers free pregnancy services in College Station, TX.","breadcrumb":{"@id":"https:\/\/pregnancyoutreach.org\/es\/servicios\/horario-de-clases\/#breadcrumb"},"inLanguage":"es","potentialAction":[{"@type":"ReadAction","target":["https:\/\/pregnancyoutreach.org\/es\/servicios\/horario-de-clases\/"]}]},{"@type":"ImageObject","inLanguage":"es","@id":"https:\/\/pregnancyoutreach.org\/es\/servicios\/horario-de-clases\/#primaryimage","url":"https:\/\/pregnancyoutreach.org\/wp-content\/uploads\/2024\/03\/shutterstock_443923171.jpg","contentUrl":"https:\/\/pregnancyoutreach.org\/wp-content\/uploads\/2024\/03\/shutterstock_443923171.jpg","width":1920,"height":746},{"@type":"BreadcrumbList","@id":"https:\/\/pregnancyoutreach.org\/es\/servicios\/horario-de-clases\/#breadcrumb","itemListElement":[{"@type":"ListItem","position":1,"name":"Home","item":"https:\/\/pregnancyoutreach.org\/es\/"},{"@type":"ListItem","position":2,"name":"Servicios","item":"https:\/\/pregnancyoutreach.org\/es\/servicios\/"},{"@type":"ListItem","position":3,"name":"Horario de Clases"}]},{"@type":"WebSite","@id":"https:\/\/pregnancyoutreach.org\/es\/#website","url":"https:\/\/pregnancyoutreach.org\/es\/","name":"Aggieland Pregnancy Outreach","description":"","potentialAction":[{"@type":"SearchAction","target":{"@type":"EntryPoint","urlTemplate":"https:\/\/pregnancyoutreach.org\/es\/?s={search_term_string}"},"query-input":{"@type":"PropertyValueSpecification","valueRequired":true,"valueName":"search_term_string"}}],"inLanguage":"es"}]}},"_links":{"self":[{"href":"https:\/\/pregnancyoutreach.org\/es\/wp-json\/wp\/v2\/pages\/9331","targetHints":{"allow":["GET"]}}],"collection":[{"href":"https:\/\/pregnancyoutreach.org\/es\/wp-json\/wp\/v2\/pages"}],"about":[{"href":"https:\/\/pregnancyoutreach.org\/es\/wp-json\/wp\/v2\/types\/page"}],"author":[{"embeddable":true,"href":"https:\/\/pregnancyoutreach.org\/es\/wp-json\/wp\/v2\/users\/3"}],"replies":[{"embeddable":true,"href":"https:\/\/pregnancyoutreach.org\/es\/wp-json\/wp\/v2\/comments?post=9331"}],"version-history":[{"count":1,"href":"https:\/\/pregnancyoutreach.org\/es\/wp-json\/wp\/v2\/pages\/9331\/revisions"}],"predecessor-version":[{"id":9333,"href":"https:\/\/pregnancyoutreach.org\/es\/wp-json\/wp\/v2\/pages\/9331\/revisions\/9333"}],"up":[{"embeddable":true,"href":"https:\/\/pregnancyoutreach.org\/es\/wp-json\/wp\/v2\/pages\/9334"}],"wp:featuredmedia":[{"embeddable":true,"href":"https:\/\/pregnancyoutreach.org\/es\/wp-json\/wp\/v2\/media\/9332"}],"wp:attachment":[{"href":"https:\/\/pregnancyoutreach.org\/es\/wp-json\/wp\/v2\/media?parent=9331"}],"curies":[{"name":"wp","href":"https:\/\/api.w.org\/{rel}","templated":true}]}}