{"id":9317,"date":"2025-07-03T00:36:15","date_gmt":"2025-07-03T05:36:15","guid":{"rendered":"https:\/\/pregnancyoutreach.org\/adopcion\/"},"modified":"2026-05-11T02:39:06","modified_gmt":"2026-05-11T07:39:06","slug":"adopcion","status":"publish","type":"page","link":"https:\/\/pregnancyoutreach.org\/es\/servicios\/adopcion\/","title":{"rendered":"Adopci\u00f3n"},"content":{"rendered":"","protected":false},"excerpt":{"rendered":"<p>Sabemos que se siente abrumada. Es probable que la idea de dar a un hijo en adopci\u00f3n nunca se le haya pasado por la cabeza, pero lo m\u00e1s seguro es que tampoco pensara nunca que se quedar\u00eda embarazada de forma inesperada.  <\/p>\n","protected":false},"author":3,"featured_media":0,"parent":9334,"menu_order":6,"comment_status":"closed","ping_status":"closed","template":"","meta":{"_acf_changed":false,"footnotes":"","_links_to":"","_links_to_target":""},"class_list":["post-9317","page","type-page","status-publish","hentry"],"acf":[],"yoast_head":"<!-- This site is optimized with the Yoast SEO plugin v27.5 - https:\/\/yoast.com\/product\/yoast-seo-wordpress\/ -->\n<title>Adopci\u00f3n - Aggieland Pregnancy Outreach<\/title>\n<meta name=\"description\" content=\"Read more about Adopci\u00f3n in this page. Aggieland Pregnancy Outreach offers free pregnancy services in College Station, TX.\" \/>\n<meta name=\"robots\" content=\"index, follow, max-snippet:-1, max-image-preview:large, max-video-preview:-1\" \/>\n<link rel=\"canonical\" href=\"https:\/\/pregnancyoutreach.org\/es\/servicios\/adopcion\/\" \/>\n<meta property=\"og:locale\" content=\"es_ES\" \/>\n<meta property=\"og:type\" content=\"article\" \/>\n<meta property=\"og:title\" content=\"Adopci\u00f3n - Aggieland Pregnancy Outreach\" \/>\n<meta property=\"og:description\" content=\"Read more about Adopci\u00f3n in this page. Aggieland Pregnancy Outreach offers free pregnancy services in College Station, TX.\" \/>\n<meta property=\"og:url\" content=\"https:\/\/pregnancyoutreach.org\/es\/servicios\/adopcion\/\" \/>\n<meta property=\"og:site_name\" content=\"Aggieland Pregnancy Outreach\" \/>\n<meta property=\"article:modified_time\" content=\"2026-05-11T07:39:06+00:00\" \/>\n<meta name=\"twitter:card\" content=\"summary_large_image\" \/>\n<!-- \/ Yoast SEO plugin. -->","yoast_head_json":{"title":"Adopci\u00f3n - Aggieland Pregnancy Outreach","description":"Read more about Adopci\u00f3n in this page. Aggieland Pregnancy Outreach offers free pregnancy services in College Station, TX.","robots":{"index":"index","follow":"follow","max-snippet":"max-snippet:-1","max-image-preview":"max-image-preview:large","max-video-preview":"max-video-preview:-1"},"canonical":"https:\/\/pregnancyoutreach.org\/es\/servicios\/adopcion\/","og_locale":"es_ES","og_type":"article","og_title":"Adopci\u00f3n - Aggieland Pregnancy Outreach","og_description":"Read more about Adopci\u00f3n in this page. Aggieland Pregnancy Outreach offers free pregnancy services in College Station, TX.","og_url":"https:\/\/pregnancyoutreach.org\/es\/servicios\/adopcion\/","og_site_name":"Aggieland Pregnancy Outreach","article_modified_time":"2026-05-11T07:39:06+00:00","twitter_card":"summary_large_image","schema":{"@context":"https:\/\/schema.org","@graph":[{"@type":"WebPage","@id":"https:\/\/pregnancyoutreach.org\/es\/servicios\/adopcion\/","url":"https:\/\/pregnancyoutreach.org\/es\/servicios\/adopcion\/","name":"Adopci\u00f3n - Aggieland Pregnancy Outreach","isPartOf":{"@id":"https:\/\/pregnancyoutreach.org\/es\/#website"},"datePublished":"2025-07-03T05:36:15+00:00","dateModified":"2026-05-11T07:39:06+00:00","description":"Read more about Adopci\u00f3n in this page. Aggieland Pregnancy Outreach offers free pregnancy services in College Station, TX.","breadcrumb":{"@id":"https:\/\/pregnancyoutreach.org\/es\/servicios\/adopcion\/#breadcrumb"},"inLanguage":"es","potentialAction":[{"@type":"ReadAction","target":["https:\/\/pregnancyoutreach.org\/es\/servicios\/adopcion\/"]}]},{"@type":"BreadcrumbList","@id":"https:\/\/pregnancyoutreach.org\/es\/servicios\/adopcion\/#breadcrumb","itemListElement":[{"@type":"ListItem","position":1,"name":"Home","item":"https:\/\/pregnancyoutreach.org\/es\/"},{"@type":"ListItem","position":2,"name":"Servicios","item":"https:\/\/pregnancyoutreach.org\/es\/servicios\/"},{"@type":"ListItem","position":3,"name":"Adopci\u00f3n"}]},{"@type":"WebSite","@id":"https:\/\/pregnancyoutreach.org\/es\/#website","url":"https:\/\/pregnancyoutreach.org\/es\/","name":"Aggieland Pregnancy Outreach","description":"","potentialAction":[{"@type":"SearchAction","target":{"@type":"EntryPoint","urlTemplate":"https:\/\/pregnancyoutreach.org\/es\/?s={search_term_string}"},"query-input":{"@type":"PropertyValueSpecification","valueRequired":true,"valueName":"search_term_string"}}],"inLanguage":"es"}]}},"_links":{"self":[{"href":"https:\/\/pregnancyoutreach.org\/es\/wp-json\/wp\/v2\/pages\/9317","targetHints":{"allow":["GET"]}}],"collection":[{"href":"https:\/\/pregnancyoutreach.org\/es\/wp-json\/wp\/v2\/pages"}],"about":[{"href":"https:\/\/pregnancyoutreach.org\/es\/wp-json\/wp\/v2\/types\/page"}],"author":[{"embeddable":true,"href":"https:\/\/pregnancyoutreach.org\/es\/wp-json\/wp\/v2\/users\/3"}],"replies":[{"embeddable":true,"href":"https:\/\/pregnancyoutreach.org\/es\/wp-json\/wp\/v2\/comments?post=9317"}],"version-history":[{"count":1,"href":"https:\/\/pregnancyoutreach.org\/es\/wp-json\/wp\/v2\/pages\/9317\/revisions"}],"predecessor-version":[{"id":9337,"href":"https:\/\/pregnancyoutreach.org\/es\/wp-json\/wp\/v2\/pages\/9317\/revisions\/9337"}],"up":[{"embeddable":true,"href":"https:\/\/pregnancyoutreach.org\/es\/wp-json\/wp\/v2\/pages\/9334"}],"wp:attachment":[{"href":"https:\/\/pregnancyoutreach.org\/es\/wp-json\/wp\/v2\/media?parent=9317"}],"curies":[{"name":"wp","href":"https:\/\/api.w.org\/{rel}","templated":true}]}}