{"id":9315,"date":"2025-05-07T02:05:21","date_gmt":"2025-05-07T07:05:21","guid":{"rendered":"https:\/\/pregnancyoutreach.org\/asesoramiento-y-grupos-de-apoyo\/"},"modified":"2026-05-11T02:43:26","modified_gmt":"2026-05-11T07:43:26","slug":"asesoramiento-y-grupos-de-apoyo","status":"publish","type":"page","link":"https:\/\/pregnancyoutreach.org\/es\/servicios\/asesoramiento-y-grupos-de-apoyo\/","title":{"rendered":"Asesoramiento y grupos de apoyo"},"content":{"rendered":"\n<h2 class=\"wp-block-heading\">Servicios de asesoramiento compasivos y confidenciales<\/h2>\n\n<p>En nuestro centro, entendemos que enfrentarse a un embarazo inesperado o afrontar los retos de la crianza puede resultar abrumador. Por eso, ofrecemos <strong>asesoramiento gratuito y confidencial<\/strong> con una trabajadora social titulada (LMSW), que est\u00e1 aqu\u00ed para apoyarle en cada paso del camino. <\/p>\n\n<p>Nuestra asesora est\u00e1 disponible para reunirse con personas, parejas o familiares en un entorno seguro y sin juicios. Tanto si necesita a alguien con quien hablar, ayuda para procesar sus opciones o apoyo emocional continuo, estamos aqu\u00ed para usted. <\/p>\n\n<p>Tambi\u00e9n ofrecemos <strong>grupos de apoyo<\/strong> para quienes desean conectar con otras personas que viven experiencias similares. No est\u00e1 solo\/a: estamos aqu\u00ed para acompa\u00f1arle en todo lo que est\u00e9 afrontando. <\/p>\n\n<ul class=\"wp-block-list\">\n<li><a href=\"https:\/\/pregnancyoutreach.org\/wp-content\/uploads\/2026\/03\/2026-Birth-Mom-Support-Group-Schedule-1.pdf\" target=\"_blank\" rel=\"noreferrer noopener nofollow external\" data-wpel-link=\"external\">Horario del grupo de apoyo para madres biol\u00f3gicas<\/a><\/li>\n\n\n\n<li><a href=\"https:\/\/pregnancyoutreach.org\/wp-content\/uploads\/2025\/10\/2026-SUPPORT-GROUP.pdf.pdf\" data-wpel-link=\"external\" target=\"_blank\" rel=\"nofollow external noopener noreferrer\">Grupo de apoyo para futuros padres adoptivos<\/a><\/li>\n\n\n\n<li><a href=\"https:\/\/pregnancyoutreach.org\/wp-content\/uploads\/2025\/10\/2026-SUPPORT-GROUP.pdf.pdf\" data-wpel-link=\"external\" target=\"_blank\" rel=\"nofollow external noopener noreferrer\">Grupo de apoyo posadopci\u00f3n  <\/a><\/li>\n<\/ul>\n\n<p>Si desea m\u00e1s informaci\u00f3n sobre el asesoramiento o los grupos de apoyo, env\u00ede un correo electr\u00f3nico a <a href=\"mailto:zena@pregnancyoutreach.org\">zena@pregnancyoutreach.org<\/a>.<\/p>\n\n<p><\/p>\n","protected":false},"excerpt":{"rendered":"<p>Servicios de asesoramiento compasivos y confidenciales En nuestro centro, entendemos que enfrentarse a un embarazo inesperado o afrontar los retos de la crianza puede resultar abrumador. Por eso, ofrecemos asesoramiento<\/p>\n","protected":false},"author":3,"featured_media":0,"parent":9334,"menu_order":8,"comment_status":"closed","ping_status":"closed","template":"","meta":{"_acf_changed":false,"footnotes":"","_links_to":"","_links_to_target":""},"class_list":["post-9315","page","type-page","status-publish","hentry"],"acf":[],"yoast_head":"<!-- This site is optimized with the Yoast SEO plugin v27.5 - https:\/\/yoast.com\/product\/yoast-seo-wordpress\/ -->\n<title>Asesoramiento y grupos de apoyo - Aggieland Pregnancy Outreach<\/title>\n<meta name=\"description\" content=\"Read more about Asesoramiento y grupos de apoyo in this page. Aggieland Pregnancy Outreach offers free pregnancy services in College Station, TX.\" \/>\n<meta name=\"robots\" content=\"index, follow, max-snippet:-1, max-image-preview:large, max-video-preview:-1\" \/>\n<link rel=\"canonical\" href=\"https:\/\/pregnancyoutreach.org\/es\/servicios\/asesoramiento-y-grupos-de-apoyo\/\" \/>\n<meta property=\"og:locale\" content=\"es_ES\" \/>\n<meta property=\"og:type\" content=\"article\" \/>\n<meta property=\"og:title\" content=\"Asesoramiento y grupos de apoyo - Aggieland Pregnancy Outreach\" \/>\n<meta property=\"og:description\" content=\"Read more about Asesoramiento y grupos de apoyo in this page. Aggieland Pregnancy Outreach offers free pregnancy services in College Station, TX.\" \/>\n<meta property=\"og:url\" content=\"https:\/\/pregnancyoutreach.org\/es\/servicios\/asesoramiento-y-grupos-de-apoyo\/\" \/>\n<meta property=\"og:site_name\" content=\"Aggieland Pregnancy Outreach\" \/>\n<meta property=\"article:modified_time\" content=\"2026-05-11T07:43:26+00:00\" \/>\n<meta name=\"twitter:card\" content=\"summary_large_image\" \/>\n<meta name=\"twitter:label1\" content=\"Est. reading time\" \/>\n\t<meta name=\"twitter:data1\" content=\"1 minuto\" \/>\n<!-- \/ Yoast SEO plugin. -->","yoast_head_json":{"title":"Asesoramiento y grupos de apoyo - Aggieland Pregnancy Outreach","description":"Read more about Asesoramiento y grupos de apoyo in this page. Aggieland Pregnancy Outreach offers free pregnancy services in College Station, TX.","robots":{"index":"index","follow":"follow","max-snippet":"max-snippet:-1","max-image-preview":"max-image-preview:large","max-video-preview":"max-video-preview:-1"},"canonical":"https:\/\/pregnancyoutreach.org\/es\/servicios\/asesoramiento-y-grupos-de-apoyo\/","og_locale":"es_ES","og_type":"article","og_title":"Asesoramiento y grupos de apoyo - Aggieland Pregnancy Outreach","og_description":"Read more about Asesoramiento y grupos de apoyo in this page. Aggieland Pregnancy Outreach offers free pregnancy services in College Station, TX.","og_url":"https:\/\/pregnancyoutreach.org\/es\/servicios\/asesoramiento-y-grupos-de-apoyo\/","og_site_name":"Aggieland Pregnancy Outreach","article_modified_time":"2026-05-11T07:43:26+00:00","twitter_card":"summary_large_image","twitter_misc":{"Est. reading time":"1 minuto"},"schema":{"@context":"https:\/\/schema.org","@graph":[{"@type":"WebPage","@id":"https:\/\/pregnancyoutreach.org\/es\/servicios\/asesoramiento-y-grupos-de-apoyo\/","url":"https:\/\/pregnancyoutreach.org\/es\/servicios\/asesoramiento-y-grupos-de-apoyo\/","name":"Asesoramiento y grupos de apoyo - Aggieland Pregnancy Outreach","isPartOf":{"@id":"https:\/\/pregnancyoutreach.org\/es\/#website"},"datePublished":"2025-05-07T07:05:21+00:00","dateModified":"2026-05-11T07:43:26+00:00","description":"Read more about Asesoramiento y grupos de apoyo in this page. Aggieland Pregnancy Outreach offers free pregnancy services in College Station, TX.","breadcrumb":{"@id":"https:\/\/pregnancyoutreach.org\/es\/servicios\/asesoramiento-y-grupos-de-apoyo\/#breadcrumb"},"inLanguage":"es","potentialAction":[{"@type":"ReadAction","target":["https:\/\/pregnancyoutreach.org\/es\/servicios\/asesoramiento-y-grupos-de-apoyo\/"]}]},{"@type":"BreadcrumbList","@id":"https:\/\/pregnancyoutreach.org\/es\/servicios\/asesoramiento-y-grupos-de-apoyo\/#breadcrumb","itemListElement":[{"@type":"ListItem","position":1,"name":"Home","item":"https:\/\/pregnancyoutreach.org\/es\/"},{"@type":"ListItem","position":2,"name":"Servicios","item":"https:\/\/pregnancyoutreach.org\/es\/servicios\/"},{"@type":"ListItem","position":3,"name":"Asesoramiento y grupos de apoyo"}]},{"@type":"WebSite","@id":"https:\/\/pregnancyoutreach.org\/es\/#website","url":"https:\/\/pregnancyoutreach.org\/es\/","name":"Aggieland Pregnancy Outreach","description":"","potentialAction":[{"@type":"SearchAction","target":{"@type":"EntryPoint","urlTemplate":"https:\/\/pregnancyoutreach.org\/es\/?s={search_term_string}"},"query-input":{"@type":"PropertyValueSpecification","valueRequired":true,"valueName":"search_term_string"}}],"inLanguage":"es"}]}},"_links":{"self":[{"href":"https:\/\/pregnancyoutreach.org\/es\/wp-json\/wp\/v2\/pages\/9315","targetHints":{"allow":["GET"]}}],"collection":[{"href":"https:\/\/pregnancyoutreach.org\/es\/wp-json\/wp\/v2\/pages"}],"about":[{"href":"https:\/\/pregnancyoutreach.org\/es\/wp-json\/wp\/v2\/types\/page"}],"author":[{"embeddable":true,"href":"https:\/\/pregnancyoutreach.org\/es\/wp-json\/wp\/v2\/users\/3"}],"replies":[{"embeddable":true,"href":"https:\/\/pregnancyoutreach.org\/es\/wp-json\/wp\/v2\/comments?post=9315"}],"version-history":[{"count":1,"href":"https:\/\/pregnancyoutreach.org\/es\/wp-json\/wp\/v2\/pages\/9315\/revisions"}],"predecessor-version":[{"id":9316,"href":"https:\/\/pregnancyoutreach.org\/es\/wp-json\/wp\/v2\/pages\/9315\/revisions\/9316"}],"up":[{"embeddable":true,"href":"https:\/\/pregnancyoutreach.org\/es\/wp-json\/wp\/v2\/pages\/9334"}],"wp:attachment":[{"href":"https:\/\/pregnancyoutreach.org\/es\/wp-json\/wp\/v2\/media?parent=9315"}],"curies":[{"name":"wp","href":"https:\/\/api.w.org\/{rel}","templated":true}]}}