{"id":9220,"date":"2020-06-05T07:23:49","date_gmt":"2020-06-05T12:23:49","guid":{"rendered":"https:\/\/pregnancyoutreach.org\/referencias-para-ecografias\/"},"modified":"2026-05-11T02:39:05","modified_gmt":"2026-05-11T07:39:05","slug":"referencias-para-ecografias","status":"publish","type":"page","link":"https:\/\/pregnancyoutreach.org\/es\/servicios\/referencias-para-ecografias\/","title":{"rendered":"Referencias para ecograf\u00edas"},"content":{"rendered":"<p>Una prueba de embarazo positiva es solo una indicaci\u00f3n de embarazo. Podemos proporcionarle una referencia para una ecograf\u00eda gratuita y confidencial para confirmar que su embarazo est\u00e1 evolucionando y de cu\u00e1nto tiempo es. <\/p>\n","protected":false},"excerpt":{"rendered":"<p>\u00bfSab\u00eda que podr\u00eda haber m\u00e1s informaci\u00f3n que conocer sobre su embarazo que solo un resultado positivo de la prueba y algunos s\u00edntomas? Deber\u00eda saber de cu\u00e1nto tiempo est\u00e1 y si su embarazo se encuentra en la ubicaci\u00f3n correcta y est\u00e1 evolucionando. Esta informaci\u00f3n solo est\u00e1 disponible mediante una ecograf\u00eda. Pregunte sobre nuestras referencias para ecograf\u00edas.   <\/p>\n","protected":false},"author":3,"featured_media":0,"parent":9334,"menu_order":2,"comment_status":"closed","ping_status":"closed","template":"","meta":{"_acf_changed":false,"footnotes":"","_links_to":"","_links_to_target":""},"class_list":["post-9220","page","type-page","status-publish","hentry"],"acf":[],"yoast_head":"<!-- This site is optimized with the Yoast SEO plugin v27.5 - https:\/\/yoast.com\/product\/yoast-seo-wordpress\/ -->\n<title>Referencias para ecograf\u00edas - Aggieland Pregnancy Outreach<\/title>\n<meta name=\"description\" content=\"Read more about Referencias para ecograf\u00edas in this page. Aggieland Pregnancy Outreach offers free pregnancy services in College Station, TX.\" \/>\n<meta name=\"robots\" content=\"index, follow, max-snippet:-1, max-image-preview:large, max-video-preview:-1\" \/>\n<link rel=\"canonical\" href=\"https:\/\/pregnancyoutreach.org\/es\/servicios\/referencias-para-ecografias\/\" \/>\n<meta property=\"og:locale\" content=\"es_ES\" \/>\n<meta property=\"og:type\" content=\"article\" \/>\n<meta property=\"og:title\" content=\"Referencias para ecograf\u00edas - Aggieland Pregnancy Outreach\" \/>\n<meta property=\"og:description\" content=\"Read more about Referencias para ecograf\u00edas in this page. Aggieland Pregnancy Outreach offers free pregnancy services in College Station, TX.\" \/>\n<meta property=\"og:url\" content=\"https:\/\/pregnancyoutreach.org\/es\/servicios\/referencias-para-ecografias\/\" \/>\n<meta property=\"og:site_name\" content=\"Aggieland Pregnancy Outreach\" \/>\n<meta property=\"article:modified_time\" content=\"2026-05-11T07:39:05+00:00\" \/>\n<meta name=\"twitter:card\" content=\"summary_large_image\" \/>\n<!-- \/ Yoast SEO plugin. -->","yoast_head_json":{"title":"Referencias para ecograf\u00edas - Aggieland Pregnancy Outreach","description":"Read more about Referencias para ecograf\u00edas in this page. Aggieland Pregnancy Outreach offers free pregnancy services in College Station, TX.","robots":{"index":"index","follow":"follow","max-snippet":"max-snippet:-1","max-image-preview":"max-image-preview:large","max-video-preview":"max-video-preview:-1"},"canonical":"https:\/\/pregnancyoutreach.org\/es\/servicios\/referencias-para-ecografias\/","og_locale":"es_ES","og_type":"article","og_title":"Referencias para ecograf\u00edas - Aggieland Pregnancy Outreach","og_description":"Read more about Referencias para ecograf\u00edas in this page. Aggieland Pregnancy Outreach offers free pregnancy services in College Station, TX.","og_url":"https:\/\/pregnancyoutreach.org\/es\/servicios\/referencias-para-ecografias\/","og_site_name":"Aggieland Pregnancy Outreach","article_modified_time":"2026-05-11T07:39:05+00:00","twitter_card":"summary_large_image","schema":{"@context":"https:\/\/schema.org","@graph":[{"@type":"WebPage","@id":"https:\/\/pregnancyoutreach.org\/es\/servicios\/referencias-para-ecografias\/","url":"https:\/\/pregnancyoutreach.org\/es\/servicios\/referencias-para-ecografias\/","name":"Referencias para ecograf\u00edas - Aggieland Pregnancy Outreach","isPartOf":{"@id":"https:\/\/pregnancyoutreach.org\/es\/#website"},"datePublished":"2020-06-05T12:23:49+00:00","dateModified":"2026-05-11T07:39:05+00:00","description":"Read more about Referencias para ecograf\u00edas in this page. Aggieland Pregnancy Outreach offers free pregnancy services in College Station, TX.","breadcrumb":{"@id":"https:\/\/pregnancyoutreach.org\/es\/servicios\/referencias-para-ecografias\/#breadcrumb"},"inLanguage":"es","potentialAction":[{"@type":"ReadAction","target":["https:\/\/pregnancyoutreach.org\/es\/servicios\/referencias-para-ecografias\/"]}]},{"@type":"BreadcrumbList","@id":"https:\/\/pregnancyoutreach.org\/es\/servicios\/referencias-para-ecografias\/#breadcrumb","itemListElement":[{"@type":"ListItem","position":1,"name":"Home","item":"https:\/\/pregnancyoutreach.org\/es\/"},{"@type":"ListItem","position":2,"name":"Servicios","item":"https:\/\/pregnancyoutreach.org\/es\/servicios\/"},{"@type":"ListItem","position":3,"name":"Referencias para ecograf\u00edas"}]},{"@type":"WebSite","@id":"https:\/\/pregnancyoutreach.org\/es\/#website","url":"https:\/\/pregnancyoutreach.org\/es\/","name":"Aggieland Pregnancy Outreach","description":"","potentialAction":[{"@type":"SearchAction","target":{"@type":"EntryPoint","urlTemplate":"https:\/\/pregnancyoutreach.org\/es\/?s={search_term_string}"},"query-input":{"@type":"PropertyValueSpecification","valueRequired":true,"valueName":"search_term_string"}}],"inLanguage":"es"}]}},"_links":{"self":[{"href":"https:\/\/pregnancyoutreach.org\/es\/wp-json\/wp\/v2\/pages\/9220","targetHints":{"allow":["GET"]}}],"collection":[{"href":"https:\/\/pregnancyoutreach.org\/es\/wp-json\/wp\/v2\/pages"}],"about":[{"href":"https:\/\/pregnancyoutreach.org\/es\/wp-json\/wp\/v2\/types\/page"}],"author":[{"embeddable":true,"href":"https:\/\/pregnancyoutreach.org\/es\/wp-json\/wp\/v2\/users\/3"}],"replies":[{"embeddable":true,"href":"https:\/\/pregnancyoutreach.org\/es\/wp-json\/wp\/v2\/comments?post=9220"}],"version-history":[{"count":1,"href":"https:\/\/pregnancyoutreach.org\/es\/wp-json\/wp\/v2\/pages\/9220\/revisions"}],"predecessor-version":[{"id":9336,"href":"https:\/\/pregnancyoutreach.org\/es\/wp-json\/wp\/v2\/pages\/9220\/revisions\/9336"}],"up":[{"embeddable":true,"href":"https:\/\/pregnancyoutreach.org\/es\/wp-json\/wp\/v2\/pages\/9334"}],"wp:attachment":[{"href":"https:\/\/pregnancyoutreach.org\/es\/wp-json\/wp\/v2\/media?parent=9220"}],"curies":[{"name":"wp","href":"https:\/\/api.w.org\/{rel}","templated":true}]}}