{"id":9164,"date":"2024-03-22T06:12:44","date_gmt":"2024-03-22T11:12:44","guid":{"rendered":"https:\/\/pregnancyoutreach.org\/programas-de-paternidad-para-adolescentes-y-adultos-jovenes\/"},"modified":"2026-05-11T02:43:25","modified_gmt":"2026-05-11T07:43:25","slug":"programas-de-paternidad-para-adolescentes-y-adultos-jovenes","status":"publish","type":"page","link":"https:\/\/pregnancyoutreach.org\/es\/servicios\/programas-de-paternidad-para-adolescentes-y-adultos-jovenes\/","title":{"rendered":"Programas de paternidad para adolescentes y adultos j\u00f3venes"},"content":{"rendered":"\n<p class=\"has-medium-font-size\">Nuestros programas de paternidad para adolescentes y adultos j\u00f3venes incluyen The Mama Club (para padres adolescentes), The Mama Club 2.0 (para edades de 20 a 25 a\u00f1os), The Real Men (hasta los 25 a\u00f1os) y Parent Academy (para adolescentes que asisten a escuelas secundarias de la zona). Ofrecemos una comunidad segura y divertida para la mentor\u00eda, el embarazo, la crianza, clases de habilidades para la vida, asistencia material y servicios sociales. Estos se ofrecen tanto en nuestras instalaciones como en las escuelas secundarias locales.  <\/p>\n\n<p><strong>Escuelas\/Consejeros: descarguen nuestro <a href=\"https:\/\/pregnancyoutreach.org\/wp-content\/uploads\/2025\/11\/PARENT-ACADEMY.pdf\" data-wpel-link=\"external\" target=\"_blank\" rel=\"nofollow external noopener noreferrer\">folleto de Parent Academy<\/a>.<\/strong><\/p>\n\n<p class=\"has-medium-font-size\">Los eventos de Mama Club var\u00edan entre el a\u00f1o escolar y los meses de verano, \u00a1as\u00ed que consulte nuestro horario actual a continuaci\u00f3n y siga las redes sociales para estar al tanto de las actualizaciones!<\/p>\n<h2 class=\"wp-block-heading\">\u00a1The Mama Club es un lugar seguro para todos!<\/h2>\n<p>El programa The Mama Club ofrece eventos para que madres y padres j\u00f3venes vengan con sus hijos para conectar, divertirse y aprender a ser excelentes padres. \u00a1Es un tiempo gratuito de amigos, comida y diversi\u00f3n! Tanto si es una adolescente embarazada como si ya es madre, venga y sea usted misma. Nunca recibir\u00e1 juicios en The Mama Club. Adem\u00e1s, es un lugar seguro donde su hijo tambi\u00e9n ser\u00e1 amado y cuidado.    <\/p>\n<p><img decoding=\"async\" class=\"img-fluid mama_club\" src=\"\/wp-content\/uploads\/2024\/09\/MC-RM-Circle-Logo-5-1.png\"><\/p>\n<h3 class=\"wp-block-heading mt-2\">\u00bfCu\u00e1ndo es?<\/h3>\n<p>La mayor\u00eda de los martes durante el a\u00f1o escolar de 17:45 a 20:00.<\/p>\n<h3 class=\"wp-block-heading\">\u00bfD\u00f3nde es?<\/h3>\n<p>The Mama Club se re\u00fane en Grace Bible Church- Midtown: <a href=\"http:\/\/google.com\/maps\/place\/Grace+Bible+Church:+Midtown+Campus+%7C+Iglesia+B%C3%ADblica+Grace:+Midtown+Campus\/data=!4m2!3m1!1s0x0:0x9ab15610d6c95925?sa=X&amp;ved=1t:2428&amp;ictx=111\" data-wpel-link=\"external\" target=\"_blank\" rel=\"nofollow external noopener noreferrer\">2500 S. College Ave. Bryan, TX 77801<\/a><\/p>\n<h3 class=\"wp-block-heading\">\u00bfQui\u00e9n puede asistir?<\/h3>\n<ul>\n<li>Adolescentes, padres adultos j\u00f3venes y sus hijos<\/li>\n<li>Cualquier padre adolescente o adulto joven puede asistir con o sin la madre de su beb\u00e9<\/li>\n<li>Todos pueden seguir asistiendo hasta que los padres cumplan 25 a\u00f1os<\/li>\n<\/ul>\n<h3 class=\"wp-block-heading\">\u00bfQu\u00e9 puedo esperar?<\/h3>\n<ul>\n<li>Comida GRATUITA<\/li>\n<li>\u00a1Pa\u00f1ales, toallitas, leche de f\u00f3rmula, libros de cart\u00f3n y m\u00e1s GRATIS!<\/li>\n<li>Cuidado de ni\u00f1os GRATUITO<\/li>\n<li>MUCHA DIVERSI\u00d3N<\/li>\n<li>EXCELENTES charlas sobre crianza<\/li>\n<\/ul>\n<p>Conocer\u00e1 a amigos y adultos que est\u00e1n listos para animarle y equiparle para ser un padre m\u00e1s fuerte. Reir\u00e1, jugar\u00e1, se entretendr\u00e1 y se marchar\u00e1 cada semana sinti\u00e9ndose fortalecido. <\/p>\n<h3 class=\"wp-block-heading\">\u00bfPuede acompa\u00f1arme el padre de mi beb\u00e9?<\/h3>\n<p>\u00a1S\u00ed! Los padres pasan el rato y cenan con las madres. The Real Men Club se re\u00fane al mismo tiempo que Mama Club. Durante la velada, los padres se dividir\u00e1n en grupos peque\u00f1os donde recibir\u00e1n apoyo para convertirse en padres a\u00fan mejores.   <\/p>\n<h3 class=\"wp-block-heading\">\u00bfTiene alg\u00fan coste?<\/h3>\n<p>\u00a1No! Absolutamente nada. <\/p>\n<h3 class=\"wp-block-heading\">\u00bfC\u00f3mo puedo obtener m\u00e1s informaci\u00f3n o conseguir transporte?<\/h3>\n<p>A menudo se puede organizar el transporte al Club. Simplemente ll\u00e1menos antes de las 16:00 del lunes anterior al Club para asegurar que tengamos suficientes voluntarios para ayudar con el transporte. <\/p>\n<p><strong><a href=\"https:\/\/pregnancyoutreach.org\/es\/contacto\/\" data-wpel-link=\"internal\" target=\"_self\" rel=\"follow noopener noreferrer\">Contacte con nosotros<\/a> <\/strong>para obtener m\u00e1s informaci\u00f3n sobre toda la diversi\u00f3n de The Mama Club\/The Real Men. Tambi\u00e9n puede seguirnos en <a href=\"https:\/\/www.instagram.com\/themamaclub\/\" data-wpel-link=\"external\" target=\"_blank\" rel=\"nofollow external noopener noreferrer\">Instagram<\/a> o <a href=\"https:\/\/www.facebook.com\/APOMamaClub\/\" data-wpel-link=\"external\" target=\"_blank\" rel=\"nofollow external noopener noreferrer\">Facebook<\/a>. <\/p>\n<p>\u00a1No se preocupe, lo pasamos muy bien durante todo el a\u00f1o! \u00a1Vea nuestro horario de verano <a href=\"https:\/\/pregnancyoutreach.org\/classes\/\" data-wpel-link=\"external\" target=\"_blank\" rel=\"nofollow external noopener noreferrer\">aqu\u00ed<\/a>! <\/p>\n\n<div class=\"wp-block-buttons is-layout-flex wp-block-buttons-is-layout-flex\">\n<div class=\"wp-block-button\"><a class=\"wp-block-button__link wp-element-button\" href=\"https:\/\/pregnancyoutreach.org\/wp-content\/uploads\/2026\/04\/Summer-Schedule-2026-3.pdf\" data-wpel-link=\"external\" target=\"_blank\" rel=\"nofollow external noopener noreferrer\">Folleto de eventos de verano<\/a><\/div>\n<\/div>\n\n<figure class=\"wp-block-image size-large is-resized\"><img decoding=\"async\" width=\"819\" height=\"1024\" src=\"https:\/\/pregnancyoutreach.org\/wp-content\/uploads\/2026\/01\/MC-Spring-Schedule-2026-1-819x1024.jpg\" alt=\"\" class=\"wp-image-8526\" style=\"width:420px;height:auto\" srcset=\"https:\/\/pregnancyoutreach.org\/wp-content\/uploads\/2026\/01\/MC-Spring-Schedule-2026-1-819x1024.jpg 819w, https:\/\/pregnancyoutreach.org\/wp-content\/uploads\/2026\/01\/MC-Spring-Schedule-2026-1-240x300.jpg 240w, https:\/\/pregnancyoutreach.org\/wp-content\/uploads\/2026\/01\/MC-Spring-Schedule-2026-1-768x960.jpg 768w, https:\/\/pregnancyoutreach.org\/wp-content\/uploads\/2026\/01\/MC-Spring-Schedule-2026-1-1229x1536.jpg 1229w, https:\/\/pregnancyoutreach.org\/wp-content\/uploads\/2026\/01\/MC-Spring-Schedule-2026-1-96x120.jpg 96w, https:\/\/pregnancyoutreach.org\/wp-content\/uploads\/2026\/01\/MC-Spring-Schedule-2026-1.jpg 1600w\" sizes=\"(max-width: 819px) 100vw, 819px\" \/><\/figure>\n","protected":false},"excerpt":{"rendered":"<p>Nuestros programas de paternidad para adolescentes y adultos j\u00f3venes incluyen The Mama Club (para padres adolescentes), The Mama Club 2.0 (para edades de 20 a 25 a\u00f1os), The Real Men<\/p>\n","protected":false},"author":3,"featured_media":0,"parent":9334,"menu_order":4,"comment_status":"closed","ping_status":"closed","template":"","meta":{"_acf_changed":false,"footnotes":"","_links_to":"","_links_to_target":""},"class_list":["post-9164","page","type-page","status-publish","hentry"],"acf":[],"yoast_head":"<!-- This site is optimized with the Yoast SEO plugin v27.5 - https:\/\/yoast.com\/product\/yoast-seo-wordpress\/ -->\n<title>Programas de paternidad para adolescentes y adultos j\u00f3venes - Aggieland Pregnancy Outreach<\/title>\n<meta name=\"description\" content=\"Read more about Programas de paternidad para adolescentes y adultos j\u00f3venes in this page. Aggieland Pregnancy Outreach offers free pregnancy services in College Station, TX.\" \/>\n<meta name=\"robots\" content=\"index, follow, max-snippet:-1, max-image-preview:large, max-video-preview:-1\" \/>\n<link rel=\"canonical\" href=\"https:\/\/pregnancyoutreach.org\/es\/servicios\/programas-de-paternidad-para-adolescentes-y-adultos-jovenes\/\" \/>\n<meta property=\"og:locale\" content=\"es_ES\" \/>\n<meta property=\"og:type\" content=\"article\" \/>\n<meta property=\"og:title\" content=\"Programas de paternidad para adolescentes y adultos j\u00f3venes - Aggieland Pregnancy Outreach\" \/>\n<meta property=\"og:description\" content=\"Read more about Programas de paternidad para adolescentes y adultos j\u00f3venes in this page. Aggieland Pregnancy Outreach offers free pregnancy services in College Station, TX.\" \/>\n<meta property=\"og:url\" content=\"https:\/\/pregnancyoutreach.org\/es\/servicios\/programas-de-paternidad-para-adolescentes-y-adultos-jovenes\/\" \/>\n<meta property=\"og:site_name\" content=\"Aggieland Pregnancy Outreach\" \/>\n<meta property=\"article:modified_time\" content=\"2026-05-11T07:43:25+00:00\" \/>\n<meta property=\"og:image\" content=\"https:\/\/pregnancyoutreach.org\/wp-content\/uploads\/2026\/01\/MC-Spring-Schedule-2026-1-819x1024.jpg\" \/>\n<meta name=\"twitter:card\" content=\"summary_large_image\" \/>\n<meta name=\"twitter:label1\" content=\"Est. reading time\" \/>\n\t<meta name=\"twitter:data1\" content=\"3 minutos\" \/>\n<!-- \/ Yoast SEO plugin. -->","yoast_head_json":{"title":"Programas de paternidad para adolescentes y adultos j\u00f3venes - Aggieland Pregnancy Outreach","description":"Read more about Programas de paternidad para adolescentes y adultos j\u00f3venes in this page. Aggieland Pregnancy Outreach offers free pregnancy services in College Station, TX.","robots":{"index":"index","follow":"follow","max-snippet":"max-snippet:-1","max-image-preview":"max-image-preview:large","max-video-preview":"max-video-preview:-1"},"canonical":"https:\/\/pregnancyoutreach.org\/es\/servicios\/programas-de-paternidad-para-adolescentes-y-adultos-jovenes\/","og_locale":"es_ES","og_type":"article","og_title":"Programas de paternidad para adolescentes y adultos j\u00f3venes - Aggieland Pregnancy Outreach","og_description":"Read more about Programas de paternidad para adolescentes y adultos j\u00f3venes in this page. Aggieland Pregnancy Outreach offers free pregnancy services in College Station, TX.","og_url":"https:\/\/pregnancyoutreach.org\/es\/servicios\/programas-de-paternidad-para-adolescentes-y-adultos-jovenes\/","og_site_name":"Aggieland Pregnancy Outreach","article_modified_time":"2026-05-11T07:43:25+00:00","og_image":[{"url":"https:\/\/pregnancyoutreach.org\/wp-content\/uploads\/2026\/01\/MC-Spring-Schedule-2026-1-819x1024.jpg","type":"","width":"","height":""}],"twitter_card":"summary_large_image","twitter_misc":{"Est. reading time":"3 minutos"},"schema":{"@context":"https:\/\/schema.org","@graph":[{"@type":"WebPage","@id":"https:\/\/pregnancyoutreach.org\/es\/servicios\/programas-de-paternidad-para-adolescentes-y-adultos-jovenes\/","url":"https:\/\/pregnancyoutreach.org\/es\/servicios\/programas-de-paternidad-para-adolescentes-y-adultos-jovenes\/","name":"Programas de paternidad para adolescentes y adultos j\u00f3venes - Aggieland Pregnancy Outreach","isPartOf":{"@id":"https:\/\/pregnancyoutreach.org\/es\/#website"},"primaryImageOfPage":{"@id":"https:\/\/pregnancyoutreach.org\/es\/servicios\/programas-de-paternidad-para-adolescentes-y-adultos-jovenes\/#primaryimage"},"image":{"@id":"https:\/\/pregnancyoutreach.org\/es\/servicios\/programas-de-paternidad-para-adolescentes-y-adultos-jovenes\/#primaryimage"},"thumbnailUrl":"https:\/\/pregnancyoutreach.org\/wp-content\/uploads\/2026\/01\/MC-Spring-Schedule-2026-1-819x1024.jpg","datePublished":"2024-03-22T11:12:44+00:00","dateModified":"2026-05-11T07:43:25+00:00","description":"Read more about Programas de paternidad para adolescentes y adultos j\u00f3venes in this page. Aggieland Pregnancy Outreach offers free pregnancy services in College Station, TX.","breadcrumb":{"@id":"https:\/\/pregnancyoutreach.org\/es\/servicios\/programas-de-paternidad-para-adolescentes-y-adultos-jovenes\/#breadcrumb"},"inLanguage":"es","potentialAction":[{"@type":"ReadAction","target":["https:\/\/pregnancyoutreach.org\/es\/servicios\/programas-de-paternidad-para-adolescentes-y-adultos-jovenes\/"]}]},{"@type":"ImageObject","inLanguage":"es","@id":"https:\/\/pregnancyoutreach.org\/es\/servicios\/programas-de-paternidad-para-adolescentes-y-adultos-jovenes\/#primaryimage","url":"https:\/\/pregnancyoutreach.org\/wp-content\/uploads\/2026\/01\/MC-Spring-Schedule-2026-1-819x1024.jpg","contentUrl":"https:\/\/pregnancyoutreach.org\/wp-content\/uploads\/2026\/01\/MC-Spring-Schedule-2026-1-819x1024.jpg"},{"@type":"BreadcrumbList","@id":"https:\/\/pregnancyoutreach.org\/es\/servicios\/programas-de-paternidad-para-adolescentes-y-adultos-jovenes\/#breadcrumb","itemListElement":[{"@type":"ListItem","position":1,"name":"Home","item":"https:\/\/pregnancyoutreach.org\/es\/"},{"@type":"ListItem","position":2,"name":"Servicios","item":"https:\/\/pregnancyoutreach.org\/es\/servicios\/"},{"@type":"ListItem","position":3,"name":"Programas de paternidad para adolescentes y adultos j\u00f3venes"}]},{"@type":"WebSite","@id":"https:\/\/pregnancyoutreach.org\/es\/#website","url":"https:\/\/pregnancyoutreach.org\/es\/","name":"Aggieland Pregnancy Outreach","description":"","potentialAction":[{"@type":"SearchAction","target":{"@type":"EntryPoint","urlTemplate":"https:\/\/pregnancyoutreach.org\/es\/?s={search_term_string}"},"query-input":{"@type":"PropertyValueSpecification","valueRequired":true,"valueName":"search_term_string"}}],"inLanguage":"es"}]}},"_links":{"self":[{"href":"https:\/\/pregnancyoutreach.org\/es\/wp-json\/wp\/v2\/pages\/9164","targetHints":{"allow":["GET"]}}],"collection":[{"href":"https:\/\/pregnancyoutreach.org\/es\/wp-json\/wp\/v2\/pages"}],"about":[{"href":"https:\/\/pregnancyoutreach.org\/es\/wp-json\/wp\/v2\/types\/page"}],"author":[{"embeddable":true,"href":"https:\/\/pregnancyoutreach.org\/es\/wp-json\/wp\/v2\/users\/3"}],"replies":[{"embeddable":true,"href":"https:\/\/pregnancyoutreach.org\/es\/wp-json\/wp\/v2\/comments?post=9164"}],"version-history":[{"count":1,"href":"https:\/\/pregnancyoutreach.org\/es\/wp-json\/wp\/v2\/pages\/9164\/revisions"}],"predecessor-version":[{"id":9171,"href":"https:\/\/pregnancyoutreach.org\/es\/wp-json\/wp\/v2\/pages\/9164\/revisions\/9171"}],"up":[{"embeddable":true,"href":"https:\/\/pregnancyoutreach.org\/es\/wp-json\/wp\/v2\/pages\/9334"}],"wp:attachment":[{"href":"https:\/\/pregnancyoutreach.org\/es\/wp-json\/wp\/v2\/media?parent=9164"}],"curies":[{"name":"wp","href":"https:\/\/api.w.org\/{rel}","templated":true}]}}