{"id":9160,"date":"2024-03-05T06:06:59","date_gmt":"2024-03-05T12:06:59","guid":{"rendered":"https:\/\/pregnancyoutreach.org\/esta-embarazada\/"},"modified":"2024-03-05T06:06:59","modified_gmt":"2024-03-05T12:06:59","slug":"esta-embarazada","status":"publish","type":"page","link":"https:\/\/pregnancyoutreach.org\/es\/esta-embarazada\/","title":{"rendered":"\u00bfEst\u00e1 embarazada?"},"content":{"rendered":"<h2>\u00bfEst\u00e1 esperando a que le baje la regla?<\/h2>\n<p>Enfrentarse a la idea de un embarazo no planificado es estresante. Pero si recientemente ha tenido relaciones sexuales sin protecci\u00f3n (o quiz\u00e1 incluso con protecci\u00f3n) y su regla se retrasa, puede estar embarazada. <\/p>\n<p>Puede haber un cambio en su ciclo mensual por muchas razones. Un aumento o una p\u00e9rdida de peso r\u00e1pidos, un desequilibrio hormonal, el estr\u00e9s y el aumento del ejercicio pueden alterar su ciclo. <\/p>\n<p>Un retraso menstrual es solo un s\u00edntoma del embarazo. \u00bfEst\u00e1 experimentando alg\u00fan otro? <\/p>\n","protected":false},"excerpt":{"rendered":"<p>\u00bfEst\u00e1 esperando a que le baje la regla? Enfrentarse a la idea de un embarazo no planificado es estresante. Pero si recientemente ha tenido relaciones sexuales sin protecci\u00f3n (o quiz\u00e1<\/p>\n","protected":false},"author":3,"featured_media":9161,"parent":0,"menu_order":0,"comment_status":"closed","ping_status":"closed","template":"","meta":{"_acf_changed":false,"footnotes":"","_links_to":"","_links_to_target":""},"class_list":["post-9160","page","type-page","status-publish","has-post-thumbnail","hentry"],"acf":[],"yoast_head":"<!-- This site is optimized with the Yoast SEO plugin v27.5 - https:\/\/yoast.com\/product\/yoast-seo-wordpress\/ -->\n<title>\u00bfEst\u00e1 embarazada? - Aggieland Pregnancy Outreach<\/title>\n<meta name=\"description\" content=\"Read more about \u00bfEst\u00e1 embarazada? in this page. Aggieland Pregnancy Outreach offers free pregnancy services in College Station, TX.\" \/>\n<meta name=\"robots\" content=\"index, follow, max-snippet:-1, max-image-preview:large, max-video-preview:-1\" \/>\n<link rel=\"canonical\" href=\"https:\/\/pregnancyoutreach.org\/es\/esta-embarazada\/\" \/>\n<meta property=\"og:locale\" content=\"es_ES\" \/>\n<meta property=\"og:type\" content=\"article\" \/>\n<meta property=\"og:title\" content=\"\u00bfEst\u00e1 embarazada? - Aggieland Pregnancy Outreach\" \/>\n<meta property=\"og:description\" content=\"Read more about \u00bfEst\u00e1 embarazada? in this page. Aggieland Pregnancy Outreach offers free pregnancy services in College Station, TX.\" \/>\n<meta property=\"og:url\" content=\"https:\/\/pregnancyoutreach.org\/es\/esta-embarazada\/\" \/>\n<meta property=\"og:site_name\" content=\"Aggieland Pregnancy Outreach\" \/>\n<meta property=\"og:image\" content=\"https:\/\/pregnancyoutreach.org\/wp-content\/uploads\/2024\/03\/shutterstock_2354305989.jpg\" \/>\n\t<meta property=\"og:image:width\" content=\"1920\" \/>\n\t<meta property=\"og:image:height\" content=\"652\" \/>\n\t<meta property=\"og:image:type\" content=\"image\/jpeg\" \/>\n<meta name=\"twitter:card\" content=\"summary_large_image\" \/>\n<!-- \/ Yoast SEO plugin. -->","yoast_head_json":{"title":"\u00bfEst\u00e1 embarazada? - Aggieland Pregnancy Outreach","description":"Read more about \u00bfEst\u00e1 embarazada? in this page. Aggieland Pregnancy Outreach offers free pregnancy services in College Station, TX.","robots":{"index":"index","follow":"follow","max-snippet":"max-snippet:-1","max-image-preview":"max-image-preview:large","max-video-preview":"max-video-preview:-1"},"canonical":"https:\/\/pregnancyoutreach.org\/es\/esta-embarazada\/","og_locale":"es_ES","og_type":"article","og_title":"\u00bfEst\u00e1 embarazada? - Aggieland Pregnancy Outreach","og_description":"Read more about \u00bfEst\u00e1 embarazada? in this page. Aggieland Pregnancy Outreach offers free pregnancy services in College Station, TX.","og_url":"https:\/\/pregnancyoutreach.org\/es\/esta-embarazada\/","og_site_name":"Aggieland Pregnancy Outreach","og_image":[{"width":1920,"height":652,"url":"https:\/\/pregnancyoutreach.org\/wp-content\/uploads\/2024\/03\/shutterstock_2354305989.jpg","type":"image\/jpeg"}],"twitter_card":"summary_large_image","schema":{"@context":"https:\/\/schema.org","@graph":[{"@type":"WebPage","@id":"https:\/\/pregnancyoutreach.org\/es\/esta-embarazada\/","url":"https:\/\/pregnancyoutreach.org\/es\/esta-embarazada\/","name":"\u00bfEst\u00e1 embarazada? - Aggieland Pregnancy Outreach","isPartOf":{"@id":"https:\/\/pregnancyoutreach.org\/es\/#website"},"primaryImageOfPage":{"@id":"https:\/\/pregnancyoutreach.org\/es\/esta-embarazada\/#primaryimage"},"image":{"@id":"https:\/\/pregnancyoutreach.org\/es\/esta-embarazada\/#primaryimage"},"thumbnailUrl":"https:\/\/pregnancyoutreach.org\/wp-content\/uploads\/2024\/03\/shutterstock_2354305989.jpg","datePublished":"2024-03-05T12:06:59+00:00","description":"Read more about \u00bfEst\u00e1 embarazada? in this page. Aggieland Pregnancy Outreach offers free pregnancy services in College Station, TX.","breadcrumb":{"@id":"https:\/\/pregnancyoutreach.org\/es\/esta-embarazada\/#breadcrumb"},"inLanguage":"es","potentialAction":[{"@type":"ReadAction","target":["https:\/\/pregnancyoutreach.org\/es\/esta-embarazada\/"]}]},{"@type":"ImageObject","inLanguage":"es","@id":"https:\/\/pregnancyoutreach.org\/es\/esta-embarazada\/#primaryimage","url":"https:\/\/pregnancyoutreach.org\/wp-content\/uploads\/2024\/03\/shutterstock_2354305989.jpg","contentUrl":"https:\/\/pregnancyoutreach.org\/wp-content\/uploads\/2024\/03\/shutterstock_2354305989.jpg","width":1920,"height":652},{"@type":"BreadcrumbList","@id":"https:\/\/pregnancyoutreach.org\/es\/esta-embarazada\/#breadcrumb","itemListElement":[{"@type":"ListItem","position":1,"name":"Home","item":"https:\/\/pregnancyoutreach.org\/es\/"},{"@type":"ListItem","position":2,"name":"\u00bfEst\u00e1 embarazada?"}]},{"@type":"WebSite","@id":"https:\/\/pregnancyoutreach.org\/es\/#website","url":"https:\/\/pregnancyoutreach.org\/es\/","name":"Aggieland Pregnancy Outreach","description":"","potentialAction":[{"@type":"SearchAction","target":{"@type":"EntryPoint","urlTemplate":"https:\/\/pregnancyoutreach.org\/es\/?s={search_term_string}"},"query-input":{"@type":"PropertyValueSpecification","valueRequired":true,"valueName":"search_term_string"}}],"inLanguage":"es"}]}},"_links":{"self":[{"href":"https:\/\/pregnancyoutreach.org\/es\/wp-json\/wp\/v2\/pages\/9160","targetHints":{"allow":["GET"]}}],"collection":[{"href":"https:\/\/pregnancyoutreach.org\/es\/wp-json\/wp\/v2\/pages"}],"about":[{"href":"https:\/\/pregnancyoutreach.org\/es\/wp-json\/wp\/v2\/types\/page"}],"author":[{"embeddable":true,"href":"https:\/\/pregnancyoutreach.org\/es\/wp-json\/wp\/v2\/users\/3"}],"replies":[{"embeddable":true,"href":"https:\/\/pregnancyoutreach.org\/es\/wp-json\/wp\/v2\/comments?post=9160"}],"version-history":[{"count":0,"href":"https:\/\/pregnancyoutreach.org\/es\/wp-json\/wp\/v2\/pages\/9160\/revisions"}],"wp:featuredmedia":[{"embeddable":true,"href":"https:\/\/pregnancyoutreach.org\/es\/wp-json\/wp\/v2\/media\/9161"}],"wp:attachment":[{"href":"https:\/\/pregnancyoutreach.org\/es\/wp-json\/wp\/v2\/media?parent=9160"}],"curies":[{"name":"wp","href":"https:\/\/api.w.org\/{rel}","templated":true}]}}