{"id":9159,"date":"2020-06-05T07:23:27","date_gmt":"2020-06-05T12:23:27","guid":{"rendered":"https:\/\/pregnancyoutreach.org\/prueba-de-embarazo\/"},"modified":"2026-05-11T02:39:05","modified_gmt":"2026-05-11T07:39:05","slug":"prueba-de-embarazo","status":"publish","type":"page","link":"https:\/\/pregnancyoutreach.org\/es\/servicios\/prueba-de-embarazo\/","title":{"rendered":"Prueba de embarazo"},"content":{"rendered":"<p>Empiece con una prueba de embarazo si se pregunta si realmente est\u00e1 embarazada. Las pruebas de embarazo de venta libre son fiables si sigue las instrucciones cuidadosamente. O vis\u00edtenos para una prueba de embarazo en orina gratuita y confidencial.  <\/p>\n<h2><\/h2>\n","protected":false},"excerpt":{"rendered":"<p>Hacerse una prueba de embarazo es el primer paso para confirmar su embarazo. Puede comprar una prueba de venta libre en una farmacia o visitar Aggieland Pregnancy Outreach para una prueba de embarazo en orina gratuita y confidencial. Nuestros asesores de embarazo hablar\u00e1n con usted sobre su situaci\u00f3n, los resultados de la prueba y sus opciones. Estamos aqu\u00ed para usted.   <\/p>\n","protected":false},"author":3,"featured_media":0,"parent":9334,"menu_order":1,"comment_status":"closed","ping_status":"closed","template":"","meta":{"_acf_changed":false,"footnotes":"","_links_to":"","_links_to_target":""},"class_list":["post-9159","page","type-page","status-publish","hentry"],"acf":[],"yoast_head":"<!-- This site is optimized with the Yoast SEO plugin v27.5 - https:\/\/yoast.com\/product\/yoast-seo-wordpress\/ -->\n<title>Prueba de embarazo - Aggieland Pregnancy Outreach<\/title>\n<meta name=\"description\" content=\"Read more about Prueba de embarazo in this page. Aggieland Pregnancy Outreach offers free pregnancy services in College Station, TX.\" \/>\n<meta name=\"robots\" content=\"index, follow, max-snippet:-1, max-image-preview:large, max-video-preview:-1\" \/>\n<link rel=\"canonical\" href=\"https:\/\/pregnancyoutreach.org\/es\/servicios\/prueba-de-embarazo\/\" \/>\n<meta property=\"og:locale\" content=\"es_ES\" \/>\n<meta property=\"og:type\" content=\"article\" \/>\n<meta property=\"og:title\" content=\"Prueba de embarazo - Aggieland Pregnancy Outreach\" \/>\n<meta property=\"og:description\" content=\"Read more about Prueba de embarazo in this page. Aggieland Pregnancy Outreach offers free pregnancy services in College Station, TX.\" \/>\n<meta property=\"og:url\" content=\"https:\/\/pregnancyoutreach.org\/es\/servicios\/prueba-de-embarazo\/\" \/>\n<meta property=\"og:site_name\" content=\"Aggieland Pregnancy Outreach\" \/>\n<meta property=\"article:modified_time\" content=\"2026-05-11T07:39:05+00:00\" \/>\n<meta name=\"twitter:card\" content=\"summary_large_image\" \/>\n<!-- \/ Yoast SEO plugin. -->","yoast_head_json":{"title":"Prueba de embarazo - Aggieland Pregnancy Outreach","description":"Read more about Prueba de embarazo in this page. Aggieland Pregnancy Outreach offers free pregnancy services in College Station, TX.","robots":{"index":"index","follow":"follow","max-snippet":"max-snippet:-1","max-image-preview":"max-image-preview:large","max-video-preview":"max-video-preview:-1"},"canonical":"https:\/\/pregnancyoutreach.org\/es\/servicios\/prueba-de-embarazo\/","og_locale":"es_ES","og_type":"article","og_title":"Prueba de embarazo - Aggieland Pregnancy Outreach","og_description":"Read more about Prueba de embarazo in this page. Aggieland Pregnancy Outreach offers free pregnancy services in College Station, TX.","og_url":"https:\/\/pregnancyoutreach.org\/es\/servicios\/prueba-de-embarazo\/","og_site_name":"Aggieland Pregnancy Outreach","article_modified_time":"2026-05-11T07:39:05+00:00","twitter_card":"summary_large_image","schema":{"@context":"https:\/\/schema.org","@graph":[{"@type":"WebPage","@id":"https:\/\/pregnancyoutreach.org\/es\/servicios\/prueba-de-embarazo\/","url":"https:\/\/pregnancyoutreach.org\/es\/servicios\/prueba-de-embarazo\/","name":"Prueba de embarazo - Aggieland Pregnancy Outreach","isPartOf":{"@id":"https:\/\/pregnancyoutreach.org\/es\/#website"},"datePublished":"2020-06-05T12:23:27+00:00","dateModified":"2026-05-11T07:39:05+00:00","description":"Read more about Prueba de embarazo in this page. Aggieland Pregnancy Outreach offers free pregnancy services in College Station, TX.","breadcrumb":{"@id":"https:\/\/pregnancyoutreach.org\/es\/servicios\/prueba-de-embarazo\/#breadcrumb"},"inLanguage":"es","potentialAction":[{"@type":"ReadAction","target":["https:\/\/pregnancyoutreach.org\/es\/servicios\/prueba-de-embarazo\/"]}]},{"@type":"BreadcrumbList","@id":"https:\/\/pregnancyoutreach.org\/es\/servicios\/prueba-de-embarazo\/#breadcrumb","itemListElement":[{"@type":"ListItem","position":1,"name":"Home","item":"https:\/\/pregnancyoutreach.org\/es\/"},{"@type":"ListItem","position":2,"name":"Servicios","item":"https:\/\/pregnancyoutreach.org\/es\/servicios\/"},{"@type":"ListItem","position":3,"name":"Prueba de embarazo"}]},{"@type":"WebSite","@id":"https:\/\/pregnancyoutreach.org\/es\/#website","url":"https:\/\/pregnancyoutreach.org\/es\/","name":"Aggieland Pregnancy Outreach","description":"","potentialAction":[{"@type":"SearchAction","target":{"@type":"EntryPoint","urlTemplate":"https:\/\/pregnancyoutreach.org\/es\/?s={search_term_string}"},"query-input":{"@type":"PropertyValueSpecification","valueRequired":true,"valueName":"search_term_string"}}],"inLanguage":"es"}]}},"_links":{"self":[{"href":"https:\/\/pregnancyoutreach.org\/es\/wp-json\/wp\/v2\/pages\/9159","targetHints":{"allow":["GET"]}}],"collection":[{"href":"https:\/\/pregnancyoutreach.org\/es\/wp-json\/wp\/v2\/pages"}],"about":[{"href":"https:\/\/pregnancyoutreach.org\/es\/wp-json\/wp\/v2\/types\/page"}],"author":[{"embeddable":true,"href":"https:\/\/pregnancyoutreach.org\/es\/wp-json\/wp\/v2\/users\/3"}],"replies":[{"embeddable":true,"href":"https:\/\/pregnancyoutreach.org\/es\/wp-json\/wp\/v2\/comments?post=9159"}],"version-history":[{"count":1,"href":"https:\/\/pregnancyoutreach.org\/es\/wp-json\/wp\/v2\/pages\/9159\/revisions"}],"predecessor-version":[{"id":9335,"href":"https:\/\/pregnancyoutreach.org\/es\/wp-json\/wp\/v2\/pages\/9159\/revisions\/9335"}],"up":[{"embeddable":true,"href":"https:\/\/pregnancyoutreach.org\/es\/wp-json\/wp\/v2\/pages\/9334"}],"wp:attachment":[{"href":"https:\/\/pregnancyoutreach.org\/es\/wp-json\/wp\/v2\/media?parent=9159"}],"curies":[{"name":"wp","href":"https:\/\/api.w.org\/{rel}","templated":true}]}}