{"id":9155,"date":"2020-02-19T13:38:17","date_gmt":"2020-02-19T19:38:17","guid":{"rendered":"https:\/\/pregnancyoutreach.org\/contacto\/"},"modified":"2026-05-11T04:48:03","modified_gmt":"2026-05-11T09:48:03","slug":"contacto","status":"publish","type":"page","link":"https:\/\/pregnancyoutreach.org\/es\/contacto\/","title":{"rendered":"Contacto"},"content":{"rendered":"<p>Existe una soluci\u00f3n para su embarazo no planificado. Perm\u00edtanos ayudarle a encontrar el camino adecuado para su futuro. Estamos aqu\u00ed para usted.<\/p>\n<div aria-hidden=\"true\">\n<h4 class=\"font-body\"><strong>Necesito una cita el mismo d\u00eda:<\/strong><\/h4>\n<div class=\"mb-5\"><a href=\"sms:979-764-6636\" data-wpel-link=\"internal\" target=\"_self\" rel=\"follow noopener noreferrer\"><img decoding=\"async\" class=\"alignnone wp-image-6941\" src=\"https:\/\/pregnancyoutreach.org\/wp-content\/uploads\/2024\/06\/text-icon-300x300.webp\" alt=\"\" width=\"120\" height=\"120\" srcset=\"https:\/\/pregnancyoutreach.org\/wp-content\/uploads\/2024\/06\/text-icon-300x300.webp 300w, https:\/\/pregnancyoutreach.org\/wp-content\/uploads\/2024\/06\/text-icon-150x150.webp 150w, https:\/\/pregnancyoutreach.org\/wp-content\/uploads\/2024\/06\/text-icon-120x120.webp 120w, https:\/\/pregnancyoutreach.org\/wp-content\/uploads\/2024\/06\/text-icon.webp 626w\" sizes=\"(max-width: 120px) 100vw, 120px\" \/><\/a><a href=\"https:\/\/aggieland.mysamdb.com\/SAM\/Usr\/PersonInquiryForm_Edt.aspx\" data-wpel-link=\"external\" target=\"_blank\" rel=\"nofollow external noopener noreferrer\"><img decoding=\"async\" class=\"alignnone wp-image-6942\" src=\"https:\/\/pregnancyoutreach.org\/wp-content\/uploads\/2024\/06\/mail-icon-300x300.png\" alt=\"\" width=\"120\" height=\"120\" srcset=\"https:\/\/pregnancyoutreach.org\/wp-content\/uploads\/2024\/06\/mail-icon-300x300.png 300w, https:\/\/pregnancyoutreach.org\/wp-content\/uploads\/2024\/06\/mail-icon-1024x1024.png 1024w, https:\/\/pregnancyoutreach.org\/wp-content\/uploads\/2024\/06\/mail-icon-150x150.png 150w, https:\/\/pregnancyoutreach.org\/wp-content\/uploads\/2024\/06\/mail-icon-768x767.png 768w, https:\/\/pregnancyoutreach.org\/wp-content\/uploads\/2024\/06\/mail-icon-120x120.png 120w, https:\/\/pregnancyoutreach.org\/wp-content\/uploads\/2024\/06\/mail-icon.png 1316w\" sizes=\"(max-width: 120px) 100vw, 120px\" \/><\/a><\/div>\n<div><\/div>\n<\/div>\n<div>\n<h4 class=\"font-body\"><strong>Estoy embarazada:<\/strong><\/h4>\n<div class=\"mb-5\"><a href=\"sms:979-764-6636\" data-wpel-link=\"internal\" target=\"_self\" rel=\"follow noopener noreferrer\"><img decoding=\"async\" class=\"alignnone wp-image-6941\" src=\"https:\/\/pregnancyoutreach.org\/wp-content\/uploads\/2024\/06\/text-icon-300x300.webp\" alt=\"\" width=\"120\" height=\"120\" srcset=\"https:\/\/pregnancyoutreach.org\/wp-content\/uploads\/2024\/06\/text-icon-300x300.webp 300w, https:\/\/pregnancyoutreach.org\/wp-content\/uploads\/2024\/06\/text-icon-150x150.webp 150w, https:\/\/pregnancyoutreach.org\/wp-content\/uploads\/2024\/06\/text-icon-120x120.webp 120w, https:\/\/pregnancyoutreach.org\/wp-content\/uploads\/2024\/06\/text-icon.webp 626w\" sizes=\"(max-width: 120px) 100vw, 120px\" \/><\/a> <a href=\"https:\/\/aggieland.mysamdb.com\/SAM\/Usr\/PersonInquiryForm_Edt.aspx\" target=\"_blank\" rel=\"noopener nofollow external noreferrer\" data-wpel-link=\"external\"><img decoding=\"async\" class=\"alignnone wp-image-6942\" src=\"https:\/\/pregnancyoutreach.org\/wp-content\/uploads\/2024\/06\/mail-icon-300x300.png\" alt=\"\" width=\"120\" height=\"120\" srcset=\"https:\/\/pregnancyoutreach.org\/wp-content\/uploads\/2024\/06\/mail-icon-300x300.png 300w, https:\/\/pregnancyoutreach.org\/wp-content\/uploads\/2024\/06\/mail-icon-1024x1024.png 1024w, https:\/\/pregnancyoutreach.org\/wp-content\/uploads\/2024\/06\/mail-icon-150x150.png 150w, https:\/\/pregnancyoutreach.org\/wp-content\/uploads\/2024\/06\/mail-icon-768x767.png 768w, https:\/\/pregnancyoutreach.org\/wp-content\/uploads\/2024\/06\/mail-icon-120x120.png 120w, https:\/\/pregnancyoutreach.org\/wp-content\/uploads\/2024\/06\/mail-icon.png 1316w\" sizes=\"(max-width: 120px) 100vw, 120px\" \/><\/a><\/div>\n<div><\/div>\n<\/div>\n<div>\n<div class=\"mt-3\">\n<h4 class=\"font-body\"><strong>He dado a luz y estoy en el hospital:<\/strong><\/h4>\n<div class=\"mb-5\"><a href=\"sms:979-764-6636\" data-wpel-link=\"internal\" target=\"_self\" rel=\"follow noopener noreferrer\"><img decoding=\"async\" class=\"alignnone wp-image-6941\" src=\"https:\/\/pregnancyoutreach.org\/wp-content\/uploads\/2024\/06\/text-icon-300x300.webp\" alt=\"\" width=\"120\" height=\"120\" srcset=\"https:\/\/pregnancyoutreach.org\/wp-content\/uploads\/2024\/06\/text-icon-300x300.webp 300w, https:\/\/pregnancyoutreach.org\/wp-content\/uploads\/2024\/06\/text-icon-150x150.webp 150w, https:\/\/pregnancyoutreach.org\/wp-content\/uploads\/2024\/06\/text-icon-120x120.webp 120w, https:\/\/pregnancyoutreach.org\/wp-content\/uploads\/2024\/06\/text-icon.webp 626w\" sizes=\"(max-width: 120px) 100vw, 120px\" \/><\/a><a href=\"https:\/\/aggieland.mysamdb.com\/SAM\/Usr\/PersonInquiryForm_Edt.aspx\" target=\"_blank\" rel=\"noopener nofollow external noreferrer\" data-wpel-link=\"external\"><img decoding=\"async\" class=\"alignnone wp-image-6942\" src=\"https:\/\/pregnancyoutreach.org\/wp-content\/uploads\/2024\/06\/mail-icon-300x300.png\" alt=\"\" width=\"120\" height=\"120\" srcset=\"https:\/\/pregnancyoutreach.org\/wp-content\/uploads\/2024\/06\/mail-icon-300x300.png 300w, https:\/\/pregnancyoutreach.org\/wp-content\/uploads\/2024\/06\/mail-icon-1024x1024.png 1024w, https:\/\/pregnancyoutreach.org\/wp-content\/uploads\/2024\/06\/mail-icon-150x150.png 150w, https:\/\/pregnancyoutreach.org\/wp-content\/uploads\/2024\/06\/mail-icon-768x767.png 768w, https:\/\/pregnancyoutreach.org\/wp-content\/uploads\/2024\/06\/mail-icon-120x120.png 120w, https:\/\/pregnancyoutreach.org\/wp-content\/uploads\/2024\/06\/mail-icon.png 1316w\" sizes=\"(max-width: 120px) 100vw, 120px\" \/><\/a><\/div>\n<\/div>\n<\/div>\n<div>\n<div class=\"row mt-3 \">\n<div class=\"col-lg-6\">\n<h3 class=\"font-body\">Horario<\/h3>\n<p>Lunes &#8211; viernes: 9:00am &#8211; 4:00pm<br \/>\nFuera del horario con cita previa<\/p>\n<\/div>\n<div class=\"col-lg-6\">\n<h3 class=\"font-body\">Ubicaci\u00f3n<\/h3>\n<p>Aggieland Pregnancy Outreach<br \/>\n550 Fraternity Row,<br \/>\nCollege Station, TX 77845, USA<\/p>\n<\/div>\n<\/div>\n<div class=\"embed-responsive embed-responsive-16by9 mb-5\"><iframe class=\"border-0\" src=\"https:\/\/www.google.com\/maps\/embed?pb=!1m18!1m12!1m3!1d3434.9946835497058!2d-96.31633962452257!3d30.577695493109125!2m3!1f0!2f0!3f0!3m2!1i1024!2i768!4f13.1!3m3!1m2!1s0x864684a36ced4783%3A0x5908fb155fd59315!2s550%20Fraternity%20Row%2C%20College%20Station%2C%20TX%2077845%2C%20USA!5e0!3m2!1sen!2sin!4v1763097610123!5m2!1sen!2sin\" width=\"500\" height=\"300\" allowfullscreen=\"allowfullscreen\" data-mce-fragment=\"1\"><\/iframe><\/div>\n<\/div>\n","protected":false},"excerpt":{"rendered":"<p>Existe una soluci\u00f3n para su embarazo no planificado. Perm\u00edtanos ayudarle a encontrar el camino adecuado para su futuro. Estamos aqu\u00ed para usted. Necesito una cita el mismo d\u00eda: Estoy embarazada:<\/p>\n","protected":false},"author":3,"featured_media":0,"parent":0,"menu_order":0,"comment_status":"closed","ping_status":"closed","template":"","meta":{"_acf_changed":false,"footnotes":"","_links_to":"","_links_to_target":""},"class_list":["post-9155","page","type-page","status-publish","hentry"],"acf":[],"yoast_head":"<!-- This site is optimized with the Yoast SEO plugin v27.5 - https:\/\/yoast.com\/product\/yoast-seo-wordpress\/ -->\n<title>Contacto - Aggieland Pregnancy Outreach<\/title>\n<meta name=\"description\" content=\"Read more about Contacto in this page. Aggieland Pregnancy Outreach offers free pregnancy services in College Station, TX.\" \/>\n<meta name=\"robots\" content=\"index, follow, max-snippet:-1, max-image-preview:large, max-video-preview:-1\" \/>\n<link rel=\"canonical\" href=\"https:\/\/pregnancyoutreach.org\/es\/contacto\/\" \/>\n<meta property=\"og:locale\" content=\"es_ES\" \/>\n<meta property=\"og:type\" content=\"article\" \/>\n<meta property=\"og:title\" content=\"Contacto - Aggieland Pregnancy Outreach\" \/>\n<meta property=\"og:description\" content=\"Read more about Contacto in this page. Aggieland Pregnancy Outreach offers free pregnancy services in College Station, TX.\" \/>\n<meta property=\"og:url\" content=\"https:\/\/pregnancyoutreach.org\/es\/contacto\/\" \/>\n<meta property=\"og:site_name\" content=\"Aggieland Pregnancy Outreach\" \/>\n<meta property=\"article:modified_time\" content=\"2026-05-11T09:48:03+00:00\" \/>\n<meta property=\"og:image\" content=\"https:\/\/pregnancyoutreach.org\/wp-content\/uploads\/2024\/06\/text-icon.webp\" \/>\n\t<meta property=\"og:image:width\" content=\"626\" \/>\n\t<meta property=\"og:image:height\" content=\"626\" \/>\n\t<meta property=\"og:image:type\" content=\"image\/webp\" \/>\n<meta name=\"twitter:card\" content=\"summary_large_image\" \/>\n<meta name=\"twitter:label1\" content=\"Est. reading time\" \/>\n\t<meta name=\"twitter:data1\" content=\"2 minutos\" \/>\n<!-- \/ Yoast SEO plugin. -->","yoast_head_json":{"title":"Contacto - Aggieland Pregnancy Outreach","description":"Read more about Contacto in this page. Aggieland Pregnancy Outreach offers free pregnancy services in College Station, TX.","robots":{"index":"index","follow":"follow","max-snippet":"max-snippet:-1","max-image-preview":"max-image-preview:large","max-video-preview":"max-video-preview:-1"},"canonical":"https:\/\/pregnancyoutreach.org\/es\/contacto\/","og_locale":"es_ES","og_type":"article","og_title":"Contacto - Aggieland Pregnancy Outreach","og_description":"Read more about Contacto in this page. Aggieland Pregnancy Outreach offers free pregnancy services in College Station, TX.","og_url":"https:\/\/pregnancyoutreach.org\/es\/contacto\/","og_site_name":"Aggieland Pregnancy Outreach","article_modified_time":"2026-05-11T09:48:03+00:00","og_image":[{"width":626,"height":626,"url":"https:\/\/pregnancyoutreach.org\/wp-content\/uploads\/2024\/06\/text-icon.webp","type":"image\/webp"}],"twitter_card":"summary_large_image","twitter_misc":{"Est. reading time":"2 minutos"},"schema":{"@context":"https:\/\/schema.org","@graph":[{"@type":"WebPage","@id":"https:\/\/pregnancyoutreach.org\/es\/contacto\/","url":"https:\/\/pregnancyoutreach.org\/es\/contacto\/","name":"Contacto - Aggieland Pregnancy Outreach","isPartOf":{"@id":"https:\/\/pregnancyoutreach.org\/es\/#website"},"primaryImageOfPage":{"@id":"https:\/\/pregnancyoutreach.org\/es\/contacto\/#primaryimage"},"image":{"@id":"https:\/\/pregnancyoutreach.org\/es\/contacto\/#primaryimage"},"thumbnailUrl":"https:\/\/pregnancyoutreach.org\/wp-content\/uploads\/2024\/06\/text-icon-300x300.webp","datePublished":"2020-02-19T19:38:17+00:00","dateModified":"2026-05-11T09:48:03+00:00","description":"Read more about Contacto in this page. Aggieland Pregnancy Outreach offers free pregnancy services in College Station, TX.","breadcrumb":{"@id":"https:\/\/pregnancyoutreach.org\/es\/contacto\/#breadcrumb"},"inLanguage":"es","potentialAction":[{"@type":"ReadAction","target":["https:\/\/pregnancyoutreach.org\/es\/contacto\/"]}]},{"@type":"ImageObject","inLanguage":"es","@id":"https:\/\/pregnancyoutreach.org\/es\/contacto\/#primaryimage","url":"https:\/\/pregnancyoutreach.org\/wp-content\/uploads\/2024\/06\/text-icon-300x300.webp","contentUrl":"https:\/\/pregnancyoutreach.org\/wp-content\/uploads\/2024\/06\/text-icon-300x300.webp"},{"@type":"BreadcrumbList","@id":"https:\/\/pregnancyoutreach.org\/es\/contacto\/#breadcrumb","itemListElement":[{"@type":"ListItem","position":1,"name":"Home","item":"https:\/\/pregnancyoutreach.org\/es\/"},{"@type":"ListItem","position":2,"name":"Contacto"}]},{"@type":"WebSite","@id":"https:\/\/pregnancyoutreach.org\/es\/#website","url":"https:\/\/pregnancyoutreach.org\/es\/","name":"Aggieland Pregnancy Outreach","description":"","potentialAction":[{"@type":"SearchAction","target":{"@type":"EntryPoint","urlTemplate":"https:\/\/pregnancyoutreach.org\/es\/?s={search_term_string}"},"query-input":{"@type":"PropertyValueSpecification","valueRequired":true,"valueName":"search_term_string"}}],"inLanguage":"es"}]}},"_links":{"self":[{"href":"https:\/\/pregnancyoutreach.org\/es\/wp-json\/wp\/v2\/pages\/9155","targetHints":{"allow":["GET"]}}],"collection":[{"href":"https:\/\/pregnancyoutreach.org\/es\/wp-json\/wp\/v2\/pages"}],"about":[{"href":"https:\/\/pregnancyoutreach.org\/es\/wp-json\/wp\/v2\/types\/page"}],"author":[{"embeddable":true,"href":"https:\/\/pregnancyoutreach.org\/es\/wp-json\/wp\/v2\/users\/3"}],"replies":[{"embeddable":true,"href":"https:\/\/pregnancyoutreach.org\/es\/wp-json\/wp\/v2\/comments?post=9155"}],"version-history":[{"count":1,"href":"https:\/\/pregnancyoutreach.org\/es\/wp-json\/wp\/v2\/pages\/9155\/revisions"}],"predecessor-version":[{"id":9424,"href":"https:\/\/pregnancyoutreach.org\/es\/wp-json\/wp\/v2\/pages\/9155\/revisions\/9424"}],"wp:attachment":[{"href":"https:\/\/pregnancyoutreach.org\/es\/wp-json\/wp\/v2\/media?parent=9155"}],"curies":[{"name":"wp","href":"https:\/\/api.w.org\/{rel}","templated":true}]}}