{"id":9152,"date":"2024-03-19T09:31:43","date_gmt":"2024-03-19T14:31:43","guid":{"rendered":"https:\/\/pregnancyoutreach.org\/lista-de-deseos\/"},"modified":"2024-03-19T09:31:43","modified_gmt":"2024-03-19T14:31:43","slug":"lista-de-deseos","status":"publish","type":"page","link":"https:\/\/pregnancyoutreach.org\/es\/lista-de-deseos\/","title":{"rendered":"Lista de deseos"},"content":{"rendered":"<h2 data-slate-type=\"paragraph\">Las donaciones de materiales marcan la diferencia<\/h2>\n<div data-slate-type=\"paragraph\"><strong>Consulte nuestra lista de deseos de Amazon <a href=\"https:\/\/www.amazon.com\/hz\/wishlist\/ls\/1U1BA1OQGMGCA\/ref=hz_ls_biz_ex\" data-wpel-link=\"external\" target=\"_blank\" rel=\"nofollow external noopener noreferrer\">aqu\u00ed<\/a><\/strong> si desea comprar en l\u00ednea y que los art\u00edculos se env\u00eden directamente a APO.<\/div>\n<div data-slate-type=\"paragraph\"><\/div>\n<div data-slate-type=\"paragraph\">Los siguientes son art\u00edculos que necesitamos y que aceptamos actualmente para nuestros programas semanales de apoyo a padres adolescentes y j\u00f3venes:<br \/>\n<a href=\"https:\/\/pregnancyoutreach.org\/services\/mama-club\/\" target=\"_blank\" rel=\"noopener nofollow external noreferrer\" data-wpel-link=\"external\">The Mama Club y Real Men <\/a>&amp; <a href=\"https:\/\/pregnancyoutreach.org\/classes\/\" data-wpel-link=\"external\" target=\"_blank\" rel=\"nofollow external noopener noreferrer\">Baby Steps<\/a>.<\/div>\n<ul data-slate-type=\"bulleted-list\">\n<li data-slate-type=\"list-item\">Pa\u00f1ales y Pull-Ups\/Easy Ups, u otros pantalones de aprendizaje desechables similares<\/li>\n<li data-slate-type=\"list-item\">Toallitas para beb\u00e9<\/li>\n<li data-slate-type=\"list-item\">Libros de cart\u00f3n (libros resistentes para beb\u00e9s y ni\u00f1os peque\u00f1os)<\/li>\n<li data-slate-type=\"list-item\">Cunas de viaje (\u00a1limpias y en buen estado son excelentes!)<\/li>\n<li data-slate-type=\"list-item\">Ropa de verano (limpia, en buen estado, \u00a1genial!)<\/li>\n<li data-slate-type=\"list-item\">Sillas de paseo ligeras (limpias, en buen estado, \u00a1fant\u00e1stico!)<\/li>\n<li data-slate-type=\"list-item\">Art\u00edculos de higiene personal (tanto para beb\u00e9s como para padres)<\/li>\n<li data-slate-type=\"list-item\">Tarjetas regalo de 5 $ para incentivos de sorteos en Mama Club<\/li>\n<\/ul>\n","protected":false},"excerpt":{"rendered":"<p>Las donaciones de materiales marcan la diferencia Consulte nuestra lista de deseos de Amazon aqu\u00ed si desea comprar en l\u00ednea y que los art\u00edculos se env\u00eden directamente a APO. Los<\/p>\n","protected":false},"author":3,"featured_media":0,"parent":0,"menu_order":0,"comment_status":"closed","ping_status":"closed","template":"","meta":{"_acf_changed":false,"footnotes":"","_links_to":"","_links_to_target":""},"class_list":["post-9152","page","type-page","status-publish","hentry"],"acf":[],"yoast_head":"<!-- This site is optimized with the Yoast SEO plugin v27.5 - https:\/\/yoast.com\/product\/yoast-seo-wordpress\/ -->\n<title>Lista de deseos - Aggieland Pregnancy Outreach<\/title>\n<meta name=\"description\" content=\"Read more about Lista de deseos in this page. Aggieland Pregnancy Outreach offers free pregnancy services in College Station, TX.\" \/>\n<meta name=\"robots\" content=\"index, follow, max-snippet:-1, max-image-preview:large, max-video-preview:-1\" \/>\n<link rel=\"canonical\" href=\"https:\/\/pregnancyoutreach.org\/es\/lista-de-deseos\/\" \/>\n<meta property=\"og:locale\" content=\"es_ES\" \/>\n<meta property=\"og:type\" content=\"article\" \/>\n<meta property=\"og:title\" content=\"Lista de deseos - Aggieland Pregnancy Outreach\" \/>\n<meta property=\"og:description\" content=\"Read more about Lista de deseos in this page. Aggieland Pregnancy Outreach offers free pregnancy services in College Station, TX.\" \/>\n<meta property=\"og:url\" content=\"https:\/\/pregnancyoutreach.org\/es\/lista-de-deseos\/\" \/>\n<meta property=\"og:site_name\" content=\"Aggieland Pregnancy Outreach\" \/>\n<meta name=\"twitter:card\" content=\"summary_large_image\" \/>\n<meta name=\"twitter:label1\" content=\"Est. reading time\" \/>\n\t<meta name=\"twitter:data1\" content=\"1 minuto\" \/>\n<!-- \/ Yoast SEO plugin. -->","yoast_head_json":{"title":"Lista de deseos - Aggieland Pregnancy Outreach","description":"Read more about Lista de deseos in this page. Aggieland Pregnancy Outreach offers free pregnancy services in College Station, TX.","robots":{"index":"index","follow":"follow","max-snippet":"max-snippet:-1","max-image-preview":"max-image-preview:large","max-video-preview":"max-video-preview:-1"},"canonical":"https:\/\/pregnancyoutreach.org\/es\/lista-de-deseos\/","og_locale":"es_ES","og_type":"article","og_title":"Lista de deseos - Aggieland Pregnancy Outreach","og_description":"Read more about Lista de deseos in this page. Aggieland Pregnancy Outreach offers free pregnancy services in College Station, TX.","og_url":"https:\/\/pregnancyoutreach.org\/es\/lista-de-deseos\/","og_site_name":"Aggieland Pregnancy Outreach","twitter_card":"summary_large_image","twitter_misc":{"Est. reading time":"1 minuto"},"schema":{"@context":"https:\/\/schema.org","@graph":[{"@type":"WebPage","@id":"https:\/\/pregnancyoutreach.org\/es\/lista-de-deseos\/","url":"https:\/\/pregnancyoutreach.org\/es\/lista-de-deseos\/","name":"Lista de deseos - Aggieland Pregnancy Outreach","isPartOf":{"@id":"https:\/\/pregnancyoutreach.org\/es\/#website"},"datePublished":"2024-03-19T14:31:43+00:00","description":"Read more about Lista de deseos in this page. Aggieland Pregnancy Outreach offers free pregnancy services in College Station, TX.","breadcrumb":{"@id":"https:\/\/pregnancyoutreach.org\/es\/lista-de-deseos\/#breadcrumb"},"inLanguage":"es","potentialAction":[{"@type":"ReadAction","target":["https:\/\/pregnancyoutreach.org\/es\/lista-de-deseos\/"]}]},{"@type":"BreadcrumbList","@id":"https:\/\/pregnancyoutreach.org\/es\/lista-de-deseos\/#breadcrumb","itemListElement":[{"@type":"ListItem","position":1,"name":"Home","item":"https:\/\/pregnancyoutreach.org\/es\/"},{"@type":"ListItem","position":2,"name":"Lista de deseos"}]},{"@type":"WebSite","@id":"https:\/\/pregnancyoutreach.org\/es\/#website","url":"https:\/\/pregnancyoutreach.org\/es\/","name":"Aggieland Pregnancy Outreach","description":"","potentialAction":[{"@type":"SearchAction","target":{"@type":"EntryPoint","urlTemplate":"https:\/\/pregnancyoutreach.org\/es\/?s={search_term_string}"},"query-input":{"@type":"PropertyValueSpecification","valueRequired":true,"valueName":"search_term_string"}}],"inLanguage":"es"}]}},"_links":{"self":[{"href":"https:\/\/pregnancyoutreach.org\/es\/wp-json\/wp\/v2\/pages\/9152","targetHints":{"allow":["GET"]}}],"collection":[{"href":"https:\/\/pregnancyoutreach.org\/es\/wp-json\/wp\/v2\/pages"}],"about":[{"href":"https:\/\/pregnancyoutreach.org\/es\/wp-json\/wp\/v2\/types\/page"}],"author":[{"embeddable":true,"href":"https:\/\/pregnancyoutreach.org\/es\/wp-json\/wp\/v2\/users\/3"}],"replies":[{"embeddable":true,"href":"https:\/\/pregnancyoutreach.org\/es\/wp-json\/wp\/v2\/comments?post=9152"}],"version-history":[{"count":0,"href":"https:\/\/pregnancyoutreach.org\/es\/wp-json\/wp\/v2\/pages\/9152\/revisions"}],"wp:attachment":[{"href":"https:\/\/pregnancyoutreach.org\/es\/wp-json\/wp\/v2\/media?parent=9152"}],"curies":[{"name":"wp","href":"https:\/\/api.w.org\/{rel}","templated":true}]}}